{"id":8671,"date":"2025-12-09T11:30:34","date_gmt":"2025-12-09T11:30:34","guid":{"rendered":"https:\/\/zicg.milijanapetar.com\/safety\/"},"modified":"2026-03-20T09:04:58","modified_gmt":"2026-03-20T09:04:58","slug":"safety","status":"publish","type":"page","link":"https:\/\/beta.zicg.me\/en\/safety\/","title":{"rendered":"Safety"},"content":{"rendered":"\t\t<div data-elementor-type=\"wp-page\" data-elementor-id=\"8671\" class=\"elementor elementor-8671 elementor-3471\" data-elementor-post-type=\"page\">\n\t\t\t\t<div class=\"elementor-element elementor-element-63fc092a e-con-full e-flex e-con e-parent\" data-id=\"63fc092a\" data-element_type=\"container\" data-e-type=\"container\" data-settings=\"{&quot;background_background&quot;:&quot;gradient&quot;}\">\n\t\t<div class=\"elementor-element elementor-element-70cccf77 e-con-full e-flex e-con e-child\" data-id=\"70cccf77\" data-element_type=\"container\" data-e-type=\"container\" data-settings=\"{&quot;background_background&quot;:&quot;classic&quot;}\">\n\t\t\t\t<div class=\"elementor-element elementor-element-51d7ca2a animated-slow elementor-invisible elementor-widget elementor-widget-heading\" data-id=\"51d7ca2a\" data-element_type=\"widget\" data-e-type=\"widget\" data-settings=\"{&quot;_animation&quot;:&quot;fadeIn&quot;}\" data-widget_type=\"heading.default\">\n\t\t\t\t\t<h2 class=\"elementor-heading-title elementor-size-default\">Safety<\/h2>\t\t\t\t<\/div>\n\t\t\t\t<div class=\"elementor-element elementor-element-1d701688 elementor-invisible elementor-widget elementor-widget-text-editor\" data-id=\"1d701688\" data-element_type=\"widget\" data-e-type=\"widget\" data-settings=\"{&quot;_animation&quot;:&quot;fadeIn&quot;,&quot;_animation_delay&quot;:200}\" data-widget_type=\"text-editor.default\">\n\t\t\t\t\t\t\t\t\t<p><a href=\"https:\/\/beta.zicg.me\/en\">Home<\/a> \u2192Safety<\/p>\t\t\t\t\t\t\t\t<\/div>\n\t\t\t\t<\/div>\n\t\t\t\t<\/div>\n\t\t<div class=\"elementor-element elementor-element-3a52a470 e-flex e-con-boxed e-con e-parent\" data-id=\"3a52a470\" data-element_type=\"container\" data-e-type=\"container\" data-settings=\"{&quot;shape_divider_top&quot;:&quot;curve&quot;}\">\n\t\t\t\t\t<div class=\"e-con-inner\">\n\t\t\t\t<div class=\"elementor-shape elementor-shape-top\" aria-hidden=\"true\" data-negative=\"false\">\n\t\t\t<svg xmlns=\"http:\/\/www.w3.org\/2000\/svg\" viewBox=\"0 0 1000 100\" preserveAspectRatio=\"none\">\n    <path class=\"elementor-shape-fill\" d=\"M1000,4.3V0H0v4.3C0.9,23.1,126.7,99.2,500,100S1000,22.7,1000,4.3z\"\/>\n<\/svg>\t\t<\/div>\n\t\t\t\t<div class=\"elementor-element elementor-element-3c3101cd elementor-widget elementor-widget-spacer\" data-id=\"3c3101cd\" data-element_type=\"widget\" data-e-type=\"widget\" data-widget_type=\"spacer.default\">\n\t\t\t\t\t\t\t<div class=\"elementor-spacer\">\n\t\t\t<div class=\"elementor-spacer-inner\"><\/div>\n\t\t<\/div>\n\t\t\t\t\t\t<\/div>\n\t\t\t\t\t<\/div>\n\t\t\t\t<\/div>\n\t\t<div class=\"elementor-element elementor-element-1980e5d e-flex e-con-boxed e-con e-parent\" data-id=\"1980e5d\" data-element_type=\"container\" data-e-type=\"container\">\n\t\t\t\t\t<div class=\"e-con-inner\">\n\t\t\t\t<div class=\"elementor-element elementor-element-3bed7c0 elementor-headline--style-highlight elementor-widget elementor-widget-animated-headline\" data-id=\"3bed7c0\" data-element_type=\"widget\" data-e-type=\"widget\" data-settings=\"{&quot;marker&quot;:&quot;double_underline&quot;,&quot;highlighted_text&quot;:&quot;safe and secure!&quot;,&quot;headline_style&quot;:&quot;highlight&quot;,&quot;loop&quot;:&quot;yes&quot;,&quot;highlight_animation_duration&quot;:1200,&quot;highlight_iteration_delay&quot;:8000}\" data-widget_type=\"animated-headline.default\">\n\t\t\t\t\t\t\t<h3 class=\"elementor-headline\">\n\t\t\t\t\t<span class=\"elementor-headline-plain-text elementor-headline-text-wrapper\">Let your crossing of the railway be<\/span>\n\t\t\t\t<span class=\"elementor-headline-dynamic-wrapper elementor-headline-text-wrapper\">\n\t\t\t\t\t<span class=\"elementor-headline-dynamic-text elementor-headline-text-active\">safe and secure!<\/span>\n\t\t\t\t<\/span>\n\t\t\t\t<\/h3>\n\t\t\t\t\t\t<\/div>\n\t\t\t\t\t<\/div>\n\t\t\t\t<\/div>\n\t\t<div class=\"elementor-element elementor-element-76242e8 e-flex e-con-boxed e-con e-parent\" data-id=\"76242e8\" data-element_type=\"container\" data-e-type=\"container\" data-settings=\"{&quot;background_background&quot;:&quot;gradient&quot;}\">\n\t\t\t\t\t<div class=\"e-con-inner\">\n\t\t\t\t<div class=\"elementor-element elementor-element-fde175a elementor-mobile-align-justify animated-fast elementor-align-center elementor-button-info elementor-invisible elementor-widget elementor-widget-button\" data-id=\"fde175a\" data-element_type=\"widget\" data-e-type=\"widget\" data-settings=\"{&quot;_animation&quot;:&quot;fadeIn&quot;,&quot;_animation_delay&quot;:400}\" data-widget_type=\"button.default\">\n\t\t\t\t\t\t\t\t\t\t<a class=\"elementor-button elementor-size-sm elementor-animation-float\" role=\"button\">\n\t\t\t\t\t\t<span class=\"elementor-button-content-wrapper\">\n\t\t\t\t\t\t\t\t\t<span class=\"elementor-button-text\">Download presentation <\/span>\n\t\t\t\t\t<\/span>\n\t\t\t\t\t<\/a>\n\t\t\t\t\t\t\t\t<\/div>\n\t\t\t\t<div class=\"elementor-element elementor-element-5a100cc elementor-widget elementor-widget-spacer\" data-id=\"5a100cc\" data-element_type=\"widget\" data-e-type=\"widget\" data-widget_type=\"spacer.default\">\n\t\t\t\t\t\t\t<div class=\"elementor-spacer\">\n\t\t\t<div class=\"elementor-spacer-inner\"><\/div>\n\t\t<\/div>\n\t\t\t\t\t\t<\/div>\n\t\t\t\t\t<\/div>\n\t\t\t\t<\/div>\n\t\t<div class=\"elementor-element elementor-element-043069a e-flex e-con-boxed e-con e-parent\" data-id=\"043069a\" data-element_type=\"container\" data-e-type=\"container\">\n\t\t\t\t\t<div class=\"e-con-inner\">\n\t\t\t\t<div class=\"elementor-element elementor-element-1a1a896 elementor-widget elementor-widget-html\" data-id=\"1a1a896\" data-element_type=\"widget\" data-e-type=\"widget\" data-widget_type=\"html.default\">\n\t\t\t\t\t<embed src=\"https:\/\/beta.zicg.me\/wp-content\/uploads\/2025\/12\/Bezbjednost-pjesaka-i-zeljeznicka-pruga-prezentacija.pdf\" type=\"application\/pdf\" width=\"600\" height=\"810\"><\/embed>\t\t\t\t<\/div>\n\t\t\t\t\t<\/div>\n\t\t\t\t<\/div>\n\t\t\t\t<\/div>\n\t\t","protected":false},"excerpt":{"rendered":"<p>Home \u2192Safety Let your crossing of the railway be safe and secure! Download presentation<\/p>\n","protected":false},"author":1,"featured_media":0,"parent":0,"menu_order":0,"comment_status":"closed","ping_status":"closed","template":"elementor_header_footer","meta":{"footnotes":""},"class_list":["post-8671","page","type-page","status-publish","hentry"],"yoast_head":"<!-- This site is optimized with the Yoast SEO plugin v27.2 - https:\/\/yoast.com\/product\/yoast-seo-wordpress\/ -->\n<title>Safety &#8212; \u017deljezni\u010dka infrastruktura Crne Gore - AD Podgorica<\/title>\n<meta name=\"robots\" content=\"index, follow, max-snippet:-1, max-image-preview:large, max-video-preview:-1\" \/>\n<link rel=\"canonical\" href=\"https:\/\/beta.zicg.me\/en\/safety\/\" \/>\n<meta property=\"og:locale\" content=\"en_US\" \/>\n<meta property=\"og:type\" content=\"article\" \/>\n<meta property=\"og:title\" content=\"Safety &#8212; \u017deljezni\u010dka infrastruktura Crne Gore - AD Podgorica\" \/>\n<meta property=\"og:description\" content=\"Home \u2192Safety Let your crossing of the railway be safe and secure! Download presentation\" \/>\n<meta property=\"og:url\" content=\"https:\/\/beta.zicg.me\/en\/safety\/\" \/>\n<meta property=\"og:site_name\" content=\"\u017deljezni\u010dka infrastruktura Crne Gore - AD Podgorica\" \/>\n<meta property=\"article:publisher\" content=\"https:\/\/www.facebook.com\/zicgad\" \/>\n<meta property=\"article:modified_time\" content=\"2026-03-20T09:04:58+00:00\" \/>\n<meta property=\"og:image\" content=\"https:\/\/beta.zicg.me\/wp-content\/uploads\/2025\/11\/fc.png\" \/>\n\t<meta property=\"og:image:width\" content=\"188\" \/>\n\t<meta property=\"og:image:height\" content=\"80\" \/>\n\t<meta property=\"og:image:type\" content=\"image\/png\" \/>\n<meta name=\"twitter:card\" content=\"summary_large_image\" \/>\n<meta name=\"twitter:site\" content=\"@ZICG_AD\" \/>\n<script type=\"application\/ld+json\" class=\"yoast-schema-graph\">{\"@context\":\"https:\/\/schema.org\",\"@graph\":[{\"@type\":\"WebPage\",\"@id\":\"https:\/\/beta.zicg.me\/en\/safety\/\",\"url\":\"https:\/\/beta.zicg.me\/en\/safety\/\",\"name\":\"Safety &#8212; \u017deljezni\u010dka infrastruktura Crne Gore - AD Podgorica\",\"isPartOf\":{\"@id\":\"https:\/\/beta.zicg.me\/#website\"},\"datePublished\":\"2025-12-09T11:30:34+00:00\",\"dateModified\":\"2026-03-20T09:04:58+00:00\",\"breadcrumb\":{\"@id\":\"https:\/\/beta.zicg.me\/en\/safety\/#breadcrumb\"},\"inLanguage\":\"en-US\",\"potentialAction\":[{\"@type\":\"ReadAction\",\"target\":[\"https:\/\/beta.zicg.me\/en\/safety\/\"]}]},{\"@type\":\"BreadcrumbList\",\"@id\":\"https:\/\/beta.zicg.me\/en\/safety\/#breadcrumb\",\"itemListElement\":[{\"@type\":\"ListItem\",\"position\":1,\"name\":\"Home\",\"item\":\"https:\/\/beta.zicg.me\/\"},{\"@type\":\"ListItem\",\"position\":2,\"name\":\"Safety\"}]},{\"@type\":\"WebSite\",\"@id\":\"https:\/\/beta.zicg.me\/#website\",\"url\":\"https:\/\/beta.zicg.me\/\",\"name\":\"\u017deljezni\u010dka infrastruktura Crne Gore - AD Podgorica\",\"description\":\"Izgradnja, odr\u017eavanje, rekonstrukcija i modernizacija \u017eeljezni\u010dke infrastrukture  Crrne Gore\",\"publisher\":{\"@id\":\"https:\/\/beta.zicg.me\/#organization\"},\"alternateName\":\"\u017dICG\",\"potentialAction\":[{\"@type\":\"SearchAction\",\"target\":{\"@type\":\"EntryPoint\",\"urlTemplate\":\"https:\/\/beta.zicg.me\/?s={search_term_string}\"},\"query-input\":{\"@type\":\"PropertyValueSpecification\",\"valueRequired\":true,\"valueName\":\"search_term_string\"}}],\"inLanguage\":\"en-US\"},{\"@type\":\"Organization\",\"@id\":\"https:\/\/beta.zicg.me\/#organization\",\"name\":\"\u017deljezni\u010dka infrastruktura Crne Gore - AD Podgorica\",\"alternateName\":\"\u017dICG\",\"url\":\"https:\/\/beta.zicg.me\/\",\"logo\":{\"@type\":\"ImageObject\",\"inLanguage\":\"en-US\",\"@id\":\"https:\/\/beta.zicg.me\/#\/schema\/logo\/image\/\",\"url\":\"https:\/\/beta.zicg.me\/wp-content\/uploads\/2025\/11\/znak-i-logo-ad-podgorica-scaled.png\",\"contentUrl\":\"https:\/\/beta.zicg.me\/wp-content\/uploads\/2025\/11\/znak-i-logo-ad-podgorica-scaled.png\",\"width\":2560,\"height\":719,\"caption\":\"\u017deljezni\u010dka infrastruktura Crne Gore - AD Podgorica\"},\"image\":{\"@id\":\"https:\/\/beta.zicg.me\/#\/schema\/logo\/image\/\"},\"sameAs\":[\"https:\/\/www.facebook.com\/zicgad\",\"https:\/\/x.com\/ZICG_AD\",\"https:\/\/www.instagram.com\/zeljeznickainfrastrukturacg\/\"]}]}<\/script>\n<!-- \/ Yoast SEO plugin. -->","yoast_head_json":{"title":"Safety &#8212; \u017deljezni\u010dka infrastruktura Crne Gore - AD Podgorica","robots":{"index":"index","follow":"follow","max-snippet":"max-snippet:-1","max-image-preview":"max-image-preview:large","max-video-preview":"max-video-preview:-1"},"canonical":"https:\/\/beta.zicg.me\/en\/safety\/","og_locale":"en_US","og_type":"article","og_title":"Safety &#8212; \u017deljezni\u010dka infrastruktura Crne Gore - AD Podgorica","og_description":"Home \u2192Safety Let your crossing of the railway be safe and secure! Download presentation","og_url":"https:\/\/beta.zicg.me\/en\/safety\/","og_site_name":"\u017deljezni\u010dka infrastruktura Crne Gore - AD Podgorica","article_publisher":"https:\/\/www.facebook.com\/zicgad","article_modified_time":"2026-03-20T09:04:58+00:00","og_image":[{"width":188,"height":80,"url":"https:\/\/beta.zicg.me\/wp-content\/uploads\/2025\/11\/fc.png","type":"image\/png"}],"twitter_card":"summary_large_image","twitter_site":"@ZICG_AD","schema":{"@context":"https:\/\/schema.org","@graph":[{"@type":"WebPage","@id":"https:\/\/beta.zicg.me\/en\/safety\/","url":"https:\/\/beta.zicg.me\/en\/safety\/","name":"Safety &#8212; \u017deljezni\u010dka infrastruktura Crne Gore - AD Podgorica","isPartOf":{"@id":"https:\/\/beta.zicg.me\/#website"},"datePublished":"2025-12-09T11:30:34+00:00","dateModified":"2026-03-20T09:04:58+00:00","breadcrumb":{"@id":"https:\/\/beta.zicg.me\/en\/safety\/#breadcrumb"},"inLanguage":"en-US","potentialAction":[{"@type":"ReadAction","target":["https:\/\/beta.zicg.me\/en\/safety\/"]}]},{"@type":"BreadcrumbList","@id":"https:\/\/beta.zicg.me\/en\/safety\/#breadcrumb","itemListElement":[{"@type":"ListItem","position":1,"name":"Home","item":"https:\/\/beta.zicg.me\/"},{"@type":"ListItem","position":2,"name":"Safety"}]},{"@type":"WebSite","@id":"https:\/\/beta.zicg.me\/#website","url":"https:\/\/beta.zicg.me\/","name":"\u017deljezni\u010dka infrastruktura Crne Gore - AD Podgorica","description":"Izgradnja, odr\u017eavanje, rekonstrukcija i modernizacija \u017eeljezni\u010dke infrastrukture  Crrne Gore","publisher":{"@id":"https:\/\/beta.zicg.me\/#organization"},"alternateName":"\u017dICG","potentialAction":[{"@type":"SearchAction","target":{"@type":"EntryPoint","urlTemplate":"https:\/\/beta.zicg.me\/?s={search_term_string}"},"query-input":{"@type":"PropertyValueSpecification","valueRequired":true,"valueName":"search_term_string"}}],"inLanguage":"en-US"},{"@type":"Organization","@id":"https:\/\/beta.zicg.me\/#organization","name":"\u017deljezni\u010dka infrastruktura Crne Gore - AD Podgorica","alternateName":"\u017dICG","url":"https:\/\/beta.zicg.me\/","logo":{"@type":"ImageObject","inLanguage":"en-US","@id":"https:\/\/beta.zicg.me\/#\/schema\/logo\/image\/","url":"https:\/\/beta.zicg.me\/wp-content\/uploads\/2025\/11\/znak-i-logo-ad-podgorica-scaled.png","contentUrl":"https:\/\/beta.zicg.me\/wp-content\/uploads\/2025\/11\/znak-i-logo-ad-podgorica-scaled.png","width":2560,"height":719,"caption":"\u017deljezni\u010dka infrastruktura Crne Gore - AD Podgorica"},"image":{"@id":"https:\/\/beta.zicg.me\/#\/schema\/logo\/image\/"},"sameAs":["https:\/\/www.facebook.com\/zicgad","https:\/\/x.com\/ZICG_AD","https:\/\/www.instagram.com\/zeljeznickainfrastrukturacg\/"]}]}},"_links":{"self":[{"href":"https:\/\/beta.zicg.me\/en\/wp-json\/wp\/v2\/pages\/8671","targetHints":{"allow":["GET"]}}],"collection":[{"href":"https:\/\/beta.zicg.me\/en\/wp-json\/wp\/v2\/pages"}],"about":[{"href":"https:\/\/beta.zicg.me\/en\/wp-json\/wp\/v2\/types\/page"}],"author":[{"embeddable":true,"href":"https:\/\/beta.zicg.me\/en\/wp-json\/wp\/v2\/users\/1"}],"replies":[{"embeddable":true,"href":"https:\/\/beta.zicg.me\/en\/wp-json\/wp\/v2\/comments?post=8671"}],"version-history":[{"count":4,"href":"https:\/\/beta.zicg.me\/en\/wp-json\/wp\/v2\/pages\/8671\/revisions"}],"predecessor-version":[{"id":8676,"href":"https:\/\/beta.zicg.me\/en\/wp-json\/wp\/v2\/pages\/8671\/revisions\/8676"}],"wp:attachment":[{"href":"https:\/\/beta.zicg.me\/en\/wp-json\/wp\/v2\/media?parent=8671"}],"curies":[{"name":"wp","href":"https:\/\/api.w.org\/{rel}","templated":true}]}}