{"id":8626,"date":"2025-12-23T13:05:53","date_gmt":"2025-12-23T13:05:53","guid":{"rendered":"https:\/\/zicg.milijanapetar.com\/multimedia-and-publications\/"},"modified":"2026-03-19T13:46:21","modified_gmt":"2026-03-19T13:46:21","slug":"multimedia-and-publications","status":"publish","type":"page","link":"https:\/\/beta.zicg.me\/en\/multimedia-and-publications\/","title":{"rendered":"Multimedia and Publications"},"content":{"rendered":"\t\t<div data-elementor-type=\"wp-page\" data-elementor-id=\"8626\" class=\"elementor elementor-8626 elementor-4486\" data-elementor-post-type=\"page\">\n\t\t\t\t<div class=\"elementor-element elementor-element-308ff290 e-con-full e-flex e-con e-parent\" data-id=\"308ff290\" data-element_type=\"container\" data-e-type=\"container\" data-settings=\"{&quot;background_background&quot;:&quot;gradient&quot;}\">\n\t\t<div class=\"elementor-element elementor-element-1d5b43cc e-con-full e-flex e-con e-child\" data-id=\"1d5b43cc\" data-element_type=\"container\" data-e-type=\"container\" data-settings=\"{&quot;background_background&quot;:&quot;classic&quot;}\">\n\t\t\t\t<div class=\"elementor-element elementor-element-1329e3e2 animated-slow elementor-invisible elementor-widget elementor-widget-heading\" data-id=\"1329e3e2\" data-element_type=\"widget\" data-e-type=\"widget\" data-settings=\"{&quot;_animation&quot;:&quot;fadeIn&quot;}\" data-widget_type=\"heading.default\">\n\t\t\t\t\t<h2 class=\"elementor-heading-title elementor-size-default\">Multimedia and Publications<\/h2>\t\t\t\t<\/div>\n\t\t\t\t<div class=\"elementor-element elementor-element-4caeed11 elementor-invisible elementor-widget elementor-widget-text-editor\" data-id=\"4caeed11\" data-element_type=\"widget\" data-e-type=\"widget\" data-settings=\"{&quot;_animation&quot;:&quot;fadeIn&quot;,&quot;_animation_delay&quot;:200}\" data-widget_type=\"text-editor.default\">\n\t\t\t\t\t\t\t\t\t<p><a href=\"https:\/\/beta.zicg.me\/en\">Home<\/a> \u2192 Multimedia and Publications<\/p>\t\t\t\t\t\t\t\t<\/div>\n\t\t\t\t<\/div>\n\t\t\t\t<\/div>\n\t\t<div class=\"elementor-element elementor-element-5887bfac e-flex e-con-boxed e-con e-parent\" data-id=\"5887bfac\" data-element_type=\"container\" data-e-type=\"container\" data-settings=\"{&quot;shape_divider_top&quot;:&quot;curve&quot;}\">\n\t\t\t\t\t<div class=\"e-con-inner\">\n\t\t\t\t<div class=\"elementor-shape elementor-shape-top\" aria-hidden=\"true\" data-negative=\"false\">\n\t\t\t<svg xmlns=\"http:\/\/www.w3.org\/2000\/svg\" viewBox=\"0 0 1000 100\" preserveAspectRatio=\"none\">\n    <path class=\"elementor-shape-fill\" d=\"M1000,4.3V0H0v4.3C0.9,23.1,126.7,99.2,500,100S1000,22.7,1000,4.3z\"\/>\n<\/svg>\t\t<\/div>\n\t\t\t\t<div class=\"elementor-element elementor-element-3e6e17e5 elementor-widget elementor-widget-spacer\" data-id=\"3e6e17e5\" data-element_type=\"widget\" data-e-type=\"widget\" data-widget_type=\"spacer.default\">\n\t\t\t\t\t\t\t<div class=\"elementor-spacer\">\n\t\t\t<div class=\"elementor-spacer-inner\"><\/div>\n\t\t<\/div>\n\t\t\t\t\t\t<\/div>\n\t\t\t\t\t<\/div>\n\t\t\t\t<\/div>\n\t\t<div class=\"elementor-element elementor-element-8a20f93 e-flex e-con-boxed e-con e-parent\" data-id=\"8a20f93\" data-element_type=\"container\" data-e-type=\"container\">\n\t\t\t\t\t<div class=\"e-con-inner\">\n\t\t<div class=\"elementor-element elementor-element-96ba071 e-con-full e-flex e-con e-child\" data-id=\"96ba071\" data-element_type=\"container\" data-e-type=\"container\">\n\t\t<div class=\"elementor-element elementor-element-cf4b9af e-con-full e-flex e-con e-child\" data-id=\"cf4b9af\" data-element_type=\"container\" data-e-type=\"container\">\n\t\t\t\t<div class=\"elementor-element elementor-element-8f8e6bf elementor-widget elementor-widget-video\" data-id=\"8f8e6bf\" data-element_type=\"widget\" data-e-type=\"widget\" data-settings=\"{&quot;youtube_url&quot;:&quot;https:\\\/\\\/youtu.be\\\/JFwhnupuvHA?si=F2EDm06fTBWEML-M&quot;,&quot;video_type&quot;:&quot;youtube&quot;}\" data-widget_type=\"video.default\">\n\t\t\t\t\t\t\t<div class=\"elementor-wrapper elementor-open-inline\">\n\t\t\t<div class=\"elementor-video\"><\/div>\t\t<\/div>\n\t\t\t\t\t\t<\/div>\n\t\t\t\t<div class=\"elementor-element elementor-element-73febf6 elementor-widget elementor-widget-heading\" data-id=\"73febf6\" data-element_type=\"widget\" data-e-type=\"widget\" data-widget_type=\"heading.default\">\n\t\t\t\t\t<h2 class=\"elementor-heading-title elementor-size-default\">111 Years of Railways in Montenegro <\/h2>\t\t\t\t<\/div>\n\t\t\t\t<\/div>\n\t\t<div class=\"elementor-element elementor-element-aeb4cb2 e-con-full e-flex e-con e-child\" data-id=\"aeb4cb2\" data-element_type=\"container\" data-e-type=\"container\">\n\t\t\t\t<div class=\"elementor-element elementor-element-7127387 elementor-widget elementor-widget-video\" data-id=\"7127387\" data-element_type=\"widget\" data-e-type=\"widget\" data-settings=\"{&quot;youtube_url&quot;:&quot;https:\\\/\\\/youtu.be\\\/nOtd1yv4W00?si=RK29AbcPPdpP5gcy&quot;,&quot;video_type&quot;:&quot;youtube&quot;}\" data-widget_type=\"video.default\">\n\t\t\t\t\t\t\t<div class=\"elementor-wrapper elementor-open-inline\">\n\t\t\t<div class=\"elementor-video\"><\/div>\t\t<\/div>\n\t\t\t\t\t\t<\/div>\n\t\t\t\t<div class=\"elementor-element elementor-element-a9ce4c6 elementor-widget elementor-widget-heading\" data-id=\"a9ce4c6\" data-element_type=\"widget\" data-e-type=\"widget\" data-widget_type=\"heading.default\">\n\t\t\t\t\t<h2 class=\"elementor-heading-title elementor-size-default\">110 Years of Railways in Montenegro <\/h2>\t\t\t\t<\/div>\n\t\t\t\t<\/div>\n\t\t<div class=\"elementor-element elementor-element-4ef856a e-con-full e-flex e-con e-child\" data-id=\"4ef856a\" data-element_type=\"container\" data-e-type=\"container\">\n\t\t\t\t<div class=\"elementor-element elementor-element-6b45894 elementor-widget elementor-widget-video\" data-id=\"6b45894\" data-element_type=\"widget\" data-e-type=\"widget\" data-settings=\"{&quot;youtube_url&quot;:&quot;https:\\\/\\\/youtu.be\\\/hvmi-uXwlms?si=DE6NnYzxlmd-2w2a&quot;,&quot;video_type&quot;:&quot;youtube&quot;}\" data-widget_type=\"video.default\">\n\t\t\t\t\t\t\t<div class=\"elementor-wrapper elementor-open-inline\">\n\t\t\t<div class=\"elementor-video\"><\/div>\t\t<\/div>\n\t\t\t\t\t\t<\/div>\n\t\t\t\t<div class=\"elementor-element elementor-element-2c387a0 elementor-widget elementor-widget-heading\" data-id=\"2c387a0\" data-element_type=\"widget\" data-e-type=\"widget\" data-widget_type=\"heading.default\">\n\t\t\t\t\t<h2 class=\"elementor-heading-title elementor-size-default\">\u017dICG 10 Years with You<\/h2>\t\t\t\t<\/div>\n\t\t\t\t<\/div>\n\t\t\t\t<\/div>\n\t\t<div class=\"elementor-element elementor-element-7cccf29 e-con-full e-flex e-con e-child\" data-id=\"7cccf29\" data-element_type=\"container\" data-e-type=\"container\">\n\t\t<div class=\"elementor-element elementor-element-4df9b4f e-con-full e-flex e-con e-child\" data-id=\"4df9b4f\" data-element_type=\"container\" data-e-type=\"container\">\n\t\t\t\t<div class=\"elementor-element elementor-element-c04b53e elementor-widget elementor-widget-image\" data-id=\"c04b53e\" data-element_type=\"widget\" data-e-type=\"widget\" data-widget_type=\"image.default\">\n\t\t\t\t\t\t\t\t\t\t\t\t\t\t\t\t<a href=\"https:\/\/beta.zicg.me\/wp-content\/uploads\/2026\/multimedija-i-publikacije\/monografija.pdf\" target=\"_blank\">\n\t\t\t\t\t\t\t<img fetchpriority=\"high\" decoding=\"async\" width=\"800\" height=\"475\" src=\"https:\/\/beta.zicg.me\/wp-content\/uploads\/2026\/03\/monografija.webp\" class=\"attachment-large size-large wp-image-8625\" alt=\"\" srcset=\"https:\/\/beta.zicg.me\/wp-content\/uploads\/2026\/03\/monografija.webp 1020w, https:\/\/beta.zicg.me\/wp-content\/uploads\/2026\/03\/monografija-300x178.webp 300w, https:\/\/beta.zicg.me\/wp-content\/uploads\/2026\/03\/monografija-768x456.webp 768w\" sizes=\"(max-width: 800px) 100vw, 800px\" \/>\t\t\t\t\t\t\t\t<\/a>\n\t\t\t\t\t\t\t\t\t\t\t\t\t\t\t<\/div>\n\t\t\t\t<div class=\"elementor-element elementor-element-924191d elementor-widget elementor-widget-heading\" data-id=\"924191d\" data-element_type=\"widget\" data-e-type=\"widget\" data-widget_type=\"heading.default\">\n\t\t\t\t\t<h2 class=\"elementor-heading-title elementor-size-default\"><a href=\"https:\/\/beta.zicg.me\/wp-content\/uploads\/2026\/multimedija-i-publikacije\/monografija.pdf\" target=\"_blank\">100 Years of Railways of Montenegro \u2013 Monograph<\/a><\/h2>\t\t\t\t<\/div>\n\t\t\t\t<\/div>\n\t\t\t\t<\/div>\n\t\t\t\t\t<\/div>\n\t\t\t\t<\/div>\n\t\t<div class=\"elementor-element elementor-element-8294cfd e-flex e-con-boxed e-con e-parent\" data-id=\"8294cfd\" data-element_type=\"container\" data-e-type=\"container\">\n\t\t\t\t\t<div class=\"e-con-inner\">\n\t\t\t\t\t<\/div>\n\t\t\t\t<\/div>\n\t\t\t\t<\/div>\n\t\t","protected":false},"excerpt":{"rendered":"<p>Home \u2192 Multimedia and Publications https:\/\/youtu.be\/JFwhnupuvHA?si=F2EDm06fTBWEML-M 111 Years of Railways in Montenegro https:\/\/youtu.be\/nOtd1yv4W00?si=RK29AbcPPdpP5gcy 110 Years of Railways in Montenegro https:\/\/youtu.be\/hvmi-uXwlms?si=DE6NnYzxlmd-2w2a \u017dICG 10 Years with You 100 Years of Railways of Montenegro \u2013 Monograph<\/p>\n","protected":false},"author":1,"featured_media":8501,"parent":0,"menu_order":0,"comment_status":"closed","ping_status":"closed","template":"","meta":{"footnotes":""},"class_list":["post-8626","page","type-page","status-publish","has-post-thumbnail","hentry"],"yoast_head":"<!-- This site is optimized with the Yoast SEO plugin v27.2 - https:\/\/yoast.com\/product\/yoast-seo-wordpress\/ -->\n<title>Multimedia and Publications &#8212; \u017deljezni\u010dka infrastruktura Crne Gore - AD Podgorica<\/title>\n<meta name=\"description\" content=\"Photo Galleries, Videos, and Publications\" \/>\n<meta name=\"robots\" content=\"index, follow, max-snippet:-1, max-image-preview:large, max-video-preview:-1\" \/>\n<link rel=\"canonical\" href=\"https:\/\/beta.zicg.me\/en\/multimedia-and-publications\/\" \/>\n<meta property=\"og:locale\" content=\"en_US\" \/>\n<meta property=\"og:type\" content=\"article\" \/>\n<meta property=\"og:title\" content=\"Multimedia and Publications &#8212; \u017deljezni\u010dka infrastruktura Crne Gore - AD Podgorica\" \/>\n<meta property=\"og:description\" content=\"Photo Galleries, Videos, and Publications\" \/>\n<meta property=\"og:url\" content=\"https:\/\/beta.zicg.me\/en\/multimedia-and-publications\/\" \/>\n<meta property=\"og:site_name\" content=\"\u017deljezni\u010dka infrastruktura Crne Gore - AD Podgorica\" \/>\n<meta property=\"article:publisher\" content=\"https:\/\/www.facebook.com\/zicgad\" \/>\n<meta property=\"article:modified_time\" content=\"2026-03-19T13:46:21+00:00\" \/>\n<meta property=\"og:image\" content=\"https:\/\/beta.zicg.me\/wp-content\/uploads\/2025\/11\/pruga_3.jpg\" \/>\n\t<meta property=\"og:image:width\" content=\"1902\" \/>\n\t<meta property=\"og:image:height\" content=\"821\" \/>\n\t<meta property=\"og:image:type\" content=\"image\/jpeg\" \/>\n<meta name=\"twitter:card\" content=\"summary_large_image\" \/>\n<meta name=\"twitter:site\" content=\"@ZICG_AD\" \/>\n<script type=\"application\/ld+json\" class=\"yoast-schema-graph\">{\"@context\":\"https:\/\/schema.org\",\"@graph\":[{\"@type\":\"WebPage\",\"@id\":\"https:\/\/beta.zicg.me\/en\/multimedia-and-publications\/\",\"url\":\"https:\/\/beta.zicg.me\/en\/multimedia-and-publications\/\",\"name\":\"Multimedia and Publications &#8212; \u017deljezni\u010dka infrastruktura Crne Gore - AD Podgorica\",\"isPartOf\":{\"@id\":\"https:\/\/beta.zicg.me\/#website\"},\"primaryImageOfPage\":{\"@id\":\"https:\/\/beta.zicg.me\/en\/multimedia-and-publications\/#primaryimage\"},\"image\":{\"@id\":\"https:\/\/beta.zicg.me\/en\/multimedia-and-publications\/#primaryimage\"},\"thumbnailUrl\":\"https:\/\/beta.zicg.me\/wp-content\/uploads\/2025\/11\/pruga_3.jpg\",\"datePublished\":\"2025-12-23T13:05:53+00:00\",\"dateModified\":\"2026-03-19T13:46:21+00:00\",\"description\":\"Photo Galleries, Videos, and Publications\",\"breadcrumb\":{\"@id\":\"https:\/\/beta.zicg.me\/en\/multimedia-and-publications\/#breadcrumb\"},\"inLanguage\":\"en-US\",\"potentialAction\":[{\"@type\":\"ReadAction\",\"target\":[\"https:\/\/beta.zicg.me\/en\/multimedia-and-publications\/\"]}]},{\"@type\":\"ImageObject\",\"inLanguage\":\"en-US\",\"@id\":\"https:\/\/beta.zicg.me\/en\/multimedia-and-publications\/#primaryimage\",\"url\":\"https:\/\/beta.zicg.me\/wp-content\/uploads\/2025\/11\/pruga_3.jpg\",\"contentUrl\":\"https:\/\/beta.zicg.me\/wp-content\/uploads\/2025\/11\/pruga_3.jpg\",\"width\":1902,\"height\":821},{\"@type\":\"BreadcrumbList\",\"@id\":\"https:\/\/beta.zicg.me\/en\/multimedia-and-publications\/#breadcrumb\",\"itemListElement\":[{\"@type\":\"ListItem\",\"position\":1,\"name\":\"Home\",\"item\":\"https:\/\/beta.zicg.me\/\"},{\"@type\":\"ListItem\",\"position\":2,\"name\":\"Multimedia and Publications\"}]},{\"@type\":\"WebSite\",\"@id\":\"https:\/\/beta.zicg.me\/#website\",\"url\":\"https:\/\/beta.zicg.me\/\",\"name\":\"\u017deljezni\u010dka infrastruktura Crne Gore - AD Podgorica\",\"description\":\"Izgradnja, odr\u017eavanje, rekonstrukcija i modernizacija \u017eeljezni\u010dke infrastrukture  Crrne Gore\",\"publisher\":{\"@id\":\"https:\/\/beta.zicg.me\/#organization\"},\"alternateName\":\"\u017dICG\",\"potentialAction\":[{\"@type\":\"SearchAction\",\"target\":{\"@type\":\"EntryPoint\",\"urlTemplate\":\"https:\/\/beta.zicg.me\/?s={search_term_string}\"},\"query-input\":{\"@type\":\"PropertyValueSpecification\",\"valueRequired\":true,\"valueName\":\"search_term_string\"}}],\"inLanguage\":\"en-US\"},{\"@type\":\"Organization\",\"@id\":\"https:\/\/beta.zicg.me\/#organization\",\"name\":\"\u017deljezni\u010dka infrastruktura Crne Gore - AD Podgorica\",\"alternateName\":\"\u017dICG\",\"url\":\"https:\/\/beta.zicg.me\/\",\"logo\":{\"@type\":\"ImageObject\",\"inLanguage\":\"en-US\",\"@id\":\"https:\/\/beta.zicg.me\/#\/schema\/logo\/image\/\",\"url\":\"https:\/\/beta.zicg.me\/wp-content\/uploads\/2025\/11\/znak-i-logo-ad-podgorica-scaled.png\",\"contentUrl\":\"https:\/\/beta.zicg.me\/wp-content\/uploads\/2025\/11\/znak-i-logo-ad-podgorica-scaled.png\",\"width\":2560,\"height\":719,\"caption\":\"\u017deljezni\u010dka infrastruktura Crne Gore - AD Podgorica\"},\"image\":{\"@id\":\"https:\/\/beta.zicg.me\/#\/schema\/logo\/image\/\"},\"sameAs\":[\"https:\/\/www.facebook.com\/zicgad\",\"https:\/\/x.com\/ZICG_AD\",\"https:\/\/www.instagram.com\/zeljeznickainfrastrukturacg\/\"]}]}<\/script>\n<!-- \/ Yoast SEO plugin. -->","yoast_head_json":{"title":"Multimedia and Publications &#8212; \u017deljezni\u010dka infrastruktura Crne Gore - AD Podgorica","description":"Photo Galleries, Videos, and Publications","robots":{"index":"index","follow":"follow","max-snippet":"max-snippet:-1","max-image-preview":"max-image-preview:large","max-video-preview":"max-video-preview:-1"},"canonical":"https:\/\/beta.zicg.me\/en\/multimedia-and-publications\/","og_locale":"en_US","og_type":"article","og_title":"Multimedia and Publications &#8212; \u017deljezni\u010dka infrastruktura Crne Gore - AD Podgorica","og_description":"Photo Galleries, Videos, and Publications","og_url":"https:\/\/beta.zicg.me\/en\/multimedia-and-publications\/","og_site_name":"\u017deljezni\u010dka infrastruktura Crne Gore - AD Podgorica","article_publisher":"https:\/\/www.facebook.com\/zicgad","article_modified_time":"2026-03-19T13:46:21+00:00","og_image":[{"width":1902,"height":821,"url":"https:\/\/beta.zicg.me\/wp-content\/uploads\/2025\/11\/pruga_3.jpg","type":"image\/jpeg"}],"twitter_card":"summary_large_image","twitter_site":"@ZICG_AD","schema":{"@context":"https:\/\/schema.org","@graph":[{"@type":"WebPage","@id":"https:\/\/beta.zicg.me\/en\/multimedia-and-publications\/","url":"https:\/\/beta.zicg.me\/en\/multimedia-and-publications\/","name":"Multimedia and Publications &#8212; \u017deljezni\u010dka infrastruktura Crne Gore - AD Podgorica","isPartOf":{"@id":"https:\/\/beta.zicg.me\/#website"},"primaryImageOfPage":{"@id":"https:\/\/beta.zicg.me\/en\/multimedia-and-publications\/#primaryimage"},"image":{"@id":"https:\/\/beta.zicg.me\/en\/multimedia-and-publications\/#primaryimage"},"thumbnailUrl":"https:\/\/beta.zicg.me\/wp-content\/uploads\/2025\/11\/pruga_3.jpg","datePublished":"2025-12-23T13:05:53+00:00","dateModified":"2026-03-19T13:46:21+00:00","description":"Photo Galleries, Videos, and Publications","breadcrumb":{"@id":"https:\/\/beta.zicg.me\/en\/multimedia-and-publications\/#breadcrumb"},"inLanguage":"en-US","potentialAction":[{"@type":"ReadAction","target":["https:\/\/beta.zicg.me\/en\/multimedia-and-publications\/"]}]},{"@type":"ImageObject","inLanguage":"en-US","@id":"https:\/\/beta.zicg.me\/en\/multimedia-and-publications\/#primaryimage","url":"https:\/\/beta.zicg.me\/wp-content\/uploads\/2025\/11\/pruga_3.jpg","contentUrl":"https:\/\/beta.zicg.me\/wp-content\/uploads\/2025\/11\/pruga_3.jpg","width":1902,"height":821},{"@type":"BreadcrumbList","@id":"https:\/\/beta.zicg.me\/en\/multimedia-and-publications\/#breadcrumb","itemListElement":[{"@type":"ListItem","position":1,"name":"Home","item":"https:\/\/beta.zicg.me\/"},{"@type":"ListItem","position":2,"name":"Multimedia and Publications"}]},{"@type":"WebSite","@id":"https:\/\/beta.zicg.me\/#website","url":"https:\/\/beta.zicg.me\/","name":"\u017deljezni\u010dka infrastruktura Crne Gore - AD Podgorica","description":"Izgradnja, odr\u017eavanje, rekonstrukcija i modernizacija \u017eeljezni\u010dke infrastrukture  Crrne Gore","publisher":{"@id":"https:\/\/beta.zicg.me\/#organization"},"alternateName":"\u017dICG","potentialAction":[{"@type":"SearchAction","target":{"@type":"EntryPoint","urlTemplate":"https:\/\/beta.zicg.me\/?s={search_term_string}"},"query-input":{"@type":"PropertyValueSpecification","valueRequired":true,"valueName":"search_term_string"}}],"inLanguage":"en-US"},{"@type":"Organization","@id":"https:\/\/beta.zicg.me\/#organization","name":"\u017deljezni\u010dka infrastruktura Crne Gore - AD Podgorica","alternateName":"\u017dICG","url":"https:\/\/beta.zicg.me\/","logo":{"@type":"ImageObject","inLanguage":"en-US","@id":"https:\/\/beta.zicg.me\/#\/schema\/logo\/image\/","url":"https:\/\/beta.zicg.me\/wp-content\/uploads\/2025\/11\/znak-i-logo-ad-podgorica-scaled.png","contentUrl":"https:\/\/beta.zicg.me\/wp-content\/uploads\/2025\/11\/znak-i-logo-ad-podgorica-scaled.png","width":2560,"height":719,"caption":"\u017deljezni\u010dka infrastruktura Crne Gore - AD Podgorica"},"image":{"@id":"https:\/\/beta.zicg.me\/#\/schema\/logo\/image\/"},"sameAs":["https:\/\/www.facebook.com\/zicgad","https:\/\/x.com\/ZICG_AD","https:\/\/www.instagram.com\/zeljeznickainfrastrukturacg\/"]}]}},"_links":{"self":[{"href":"https:\/\/beta.zicg.me\/en\/wp-json\/wp\/v2\/pages\/8626","targetHints":{"allow":["GET"]}}],"collection":[{"href":"https:\/\/beta.zicg.me\/en\/wp-json\/wp\/v2\/pages"}],"about":[{"href":"https:\/\/beta.zicg.me\/en\/wp-json\/wp\/v2\/types\/page"}],"author":[{"embeddable":true,"href":"https:\/\/beta.zicg.me\/en\/wp-json\/wp\/v2\/users\/1"}],"replies":[{"embeddable":true,"href":"https:\/\/beta.zicg.me\/en\/wp-json\/wp\/v2\/comments?post=8626"}],"version-history":[{"count":2,"href":"https:\/\/beta.zicg.me\/en\/wp-json\/wp\/v2\/pages\/8626\/revisions"}],"predecessor-version":[{"id":8629,"href":"https:\/\/beta.zicg.me\/en\/wp-json\/wp\/v2\/pages\/8626\/revisions\/8629"}],"wp:featuredmedia":[{"embeddable":true,"href":"https:\/\/beta.zicg.me\/en\/wp-json\/wp\/v2\/media\/8501"}],"wp:attachment":[{"href":"https:\/\/beta.zicg.me\/en\/wp-json\/wp\/v2\/media?parent=8626"}],"curies":[{"name":"wp","href":"https:\/\/api.w.org\/{rel}","templated":true}]}}