{"id":8598,"date":"2025-11-26T12:40:44","date_gmt":"2025-11-26T12:40:44","guid":{"rendered":"https:\/\/zicg.milijanapetar.com\/contact\/"},"modified":"2026-03-19T13:12:59","modified_gmt":"2026-03-19T13:12:59","slug":"contact","status":"publish","type":"page","link":"https:\/\/beta.zicg.me\/en\/contact\/","title":{"rendered":"Contact"},"content":{"rendered":"\t\t<div data-elementor-type=\"wp-page\" data-elementor-id=\"8598\" class=\"elementor elementor-8598 elementor-2222\" data-elementor-post-type=\"page\">\n\t\t\t\t<div class=\"elementor-element elementor-element-12cdb3d7 e-flex e-con-boxed e-con e-parent\" data-id=\"12cdb3d7\" data-element_type=\"container\" data-e-type=\"container\" data-settings=\"{&quot;background_background&quot;:&quot;gradient&quot;}\">\n\t\t\t\t\t<div class=\"e-con-inner\">\n\t\t<div class=\"elementor-element elementor-element-526ef5f0 e-con-full e-flex e-con e-child\" data-id=\"526ef5f0\" data-element_type=\"container\" data-e-type=\"container\" data-settings=\"{&quot;background_background&quot;:&quot;classic&quot;}\">\n\t\t\t\t<div class=\"elementor-element elementor-element-54ce260d animated-slow elementor-invisible elementor-widget elementor-widget-heading\" data-id=\"54ce260d\" data-element_type=\"widget\" data-e-type=\"widget\" data-settings=\"{&quot;_animation&quot;:&quot;fadeIn&quot;}\" data-widget_type=\"heading.default\">\n\t\t\t\t\t<h2 class=\"elementor-heading-title elementor-size-default\">Contact<\/h2>\t\t\t\t<\/div>\n\t\t\t\t<div class=\"elementor-element elementor-element-4b01b8f7 elementor-invisible elementor-widget elementor-widget-text-editor\" data-id=\"4b01b8f7\" data-element_type=\"widget\" data-e-type=\"widget\" data-settings=\"{&quot;_animation&quot;:&quot;fadeIn&quot;,&quot;_animation_delay&quot;:200}\" data-widget_type=\"text-editor.default\">\n\t\t\t\t\t\t\t\t\t<p><a href=\"https:\/\/beta.zicg.me\/en\">Home<\/a> \u2192<a href=\"https:\/\/beta.zicg.me\/osnovni-podaci\/\"> <\/a><a href=\"https:\/\/beta.zicg.me\/en\/contact\/\">Contact<\/a><\/p>\t\t\t\t\t\t\t\t<\/div>\n\t\t\t\t<\/div>\n\t\t\t\t\t<\/div>\n\t\t\t\t<\/div>\n\t\t<div class=\"elementor-element elementor-element-214775f6 e-flex e-con-boxed e-con e-parent\" data-id=\"214775f6\" data-element_type=\"container\" data-e-type=\"container\" data-settings=\"{&quot;shape_divider_top&quot;:&quot;curve&quot;}\">\n\t\t\t\t\t<div class=\"e-con-inner\">\n\t\t\t\t<div class=\"elementor-shape elementor-shape-top\" aria-hidden=\"true\" data-negative=\"false\">\n\t\t\t<svg xmlns=\"http:\/\/www.w3.org\/2000\/svg\" viewBox=\"0 0 1000 100\" preserveAspectRatio=\"none\">\n    <path class=\"elementor-shape-fill\" d=\"M1000,4.3V0H0v4.3C0.9,23.1,126.7,99.2,500,100S1000,22.7,1000,4.3z\"\/>\n<\/svg>\t\t<\/div>\n\t\t\t\t<div class=\"elementor-element elementor-element-94c2207 elementor-widget elementor-widget-spacer\" data-id=\"94c2207\" data-element_type=\"widget\" data-e-type=\"widget\" data-widget_type=\"spacer.default\">\n\t\t\t\t\t\t\t<div class=\"elementor-spacer\">\n\t\t\t<div class=\"elementor-spacer-inner\"><\/div>\n\t\t<\/div>\n\t\t\t\t\t\t<\/div>\n\t\t\t\t\t<\/div>\n\t\t\t\t<\/div>\n\t\t<div class=\"elementor-element elementor-element-c1cf91b e-flex e-con-boxed e-con e-parent\" data-id=\"c1cf91b\" data-element_type=\"container\" data-e-type=\"container\">\n\t\t\t\t\t<div class=\"e-con-inner\">\n\t\t<div class=\"elementor-element elementor-element-22e9635 e-con-full e-flex e-con e-child\" data-id=\"22e9635\" data-element_type=\"container\" data-e-type=\"container\">\n\t\t<div class=\"elementor-element elementor-element-7b4fa2b e-con-full e-flex e-con e-child\" data-id=\"7b4fa2b\" data-element_type=\"container\" data-e-type=\"container\" data-settings=\"{&quot;background_background&quot;:&quot;gradient&quot;}\">\n\t\t\t\t<div class=\"elementor-element elementor-element-4d03bed animated-slow elementor-invisible elementor-widget elementor-widget-heading\" data-id=\"4d03bed\" data-element_type=\"widget\" data-e-type=\"widget\" data-settings=\"{&quot;_animation&quot;:&quot;fadeIn&quot;}\" data-widget_type=\"heading.default\">\n\t\t\t\t\t<h2 class=\"elementor-heading-title elementor-size-default\">Executive Director\u2019s Office<\/h2>\t\t\t\t<\/div>\n\t\t\t\t<div class=\"elementor-element elementor-element-c4c3485 elementor-invisible elementor-widget elementor-widget-text-editor\" data-id=\"c4c3485\" data-element_type=\"widget\" data-e-type=\"widget\" data-settings=\"{&quot;_animation&quot;:&quot;fadeIn&quot;,&quot;_animation_delay&quot;:200}\" data-widget_type=\"text-editor.default\">\n\t\t\t\t\t\t\t\t\t+382 20 441 403\n<hr\/>\nkabinet.id@zicg.me\t\t\t\t\t\t\t\t<\/div>\n\t\t\t\t<\/div>\n\t\t<div class=\"elementor-element elementor-element-deb5517 e-con-full e-flex e-con e-child\" data-id=\"deb5517\" data-element_type=\"container\" data-e-type=\"container\" data-settings=\"{&quot;background_background&quot;:&quot;gradient&quot;}\">\n\t\t\t\t<div class=\"elementor-element elementor-element-92986fc animated-slow elementor-invisible elementor-widget elementor-widget-heading\" data-id=\"92986fc\" data-element_type=\"widget\" data-e-type=\"widget\" data-settings=\"{&quot;_animation&quot;:&quot;fadeIn&quot;}\" data-widget_type=\"heading.default\">\n\t\t\t\t\t<h2 class=\"elementor-heading-title elementor-size-default\">Office of the Board of Directors<\/h2>\t\t\t\t<\/div>\n\t\t\t\t<div class=\"elementor-element elementor-element-f237e2f elementor-invisible elementor-widget elementor-widget-text-editor\" data-id=\"f237e2f\" data-element_type=\"widget\" data-e-type=\"widget\" data-settings=\"{&quot;_animation&quot;:&quot;fadeIn&quot;,&quot;_animation_delay&quot;:200}\" data-widget_type=\"text-editor.default\">\n\t\t\t\t\t\t\t\t\t+382 20 441 250\n\n<hr \/>\n\nkabinet.od@zicg.me\t\t\t\t\t\t\t\t<\/div>\n\t\t\t\t<\/div>\n\t\t\t\t<\/div>\n\t\t<div class=\"elementor-element elementor-element-3e6bed8 e-con-full e-flex e-con e-child\" data-id=\"3e6bed8\" data-element_type=\"container\" data-e-type=\"container\">\n\t\t\t\t<div class=\"elementor-element elementor-element-31b5ae3 elementor-widget elementor-widget-google_maps\" data-id=\"31b5ae3\" data-element_type=\"widget\" data-e-type=\"widget\" data-widget_type=\"google_maps.default\">\n\t\t\t\t\t\t\t<div class=\"elementor-custom-embed\">\n\t\t\t<iframe loading=\"lazy\"\n\t\t\t\t\tsrc=\"https:\/\/maps.google.com\/maps?q=%C5%BDeljezni%C4%8Dka%20infrastruktura&#038;t=m&#038;z=15&#038;output=embed&#038;iwloc=near\"\n\t\t\t\t\ttitle=\"\u017deljezni\u010dka infrastruktura\"\n\t\t\t\t\taria-label=\"\u017deljezni\u010dka infrastruktura\"\n\t\t\t><\/iframe>\n\t\t<\/div>\n\t\t\t\t\t\t<\/div>\n\t\t\t\t<\/div>\n\t\t\t\t\t<\/div>\n\t\t\t\t<\/div>\n\t\t<div class=\"elementor-element elementor-element-f9ae990 e-flex e-con-boxed e-con e-parent\" data-id=\"f9ae990\" data-element_type=\"container\" data-e-type=\"container\">\n\t\t\t\t\t<div class=\"e-con-inner\">\n\t\t<div class=\"elementor-element elementor-element-2d45a4a e-con-full e-flex e-con e-child\" data-id=\"2d45a4a\" data-element_type=\"container\" data-e-type=\"container\" data-settings=\"{&quot;background_background&quot;:&quot;gradient&quot;}\">\n\t\t\t\t<div class=\"elementor-element elementor-element-d41e026 animated-slow elementor-invisible elementor-widget elementor-widget-heading\" data-id=\"d41e026\" data-element_type=\"widget\" data-e-type=\"widget\" data-settings=\"{&quot;_animation&quot;:&quot;fadeIn&quot;}\" data-widget_type=\"heading.default\">\n\t\t\t\t\t<h2 class=\"elementor-heading-title elementor-size-default\">Reconstruction of the Golubovci\u2013Bar Railway Line <\/h2>\t\t\t\t<\/div>\n\t\t\t\t<div class=\"elementor-element elementor-element-efd916a elementor-invisible elementor-widget elementor-widget-text-editor\" data-id=\"efd916a\" data-element_type=\"widget\" data-e-type=\"widget\" data-settings=\"{&quot;_animation&quot;:&quot;fadeIn&quot;,&quot;_animation_delay&quot;:200}\" data-widget_type=\"text-editor.default\">\n\t\t\t\t\t\t\t\t\tComplaints \/ Appeals\n\n<hr>\n\nprigovor@zicg.me\t\t\t\t\t\t\t\t<\/div>\n\t\t\t\t<\/div>\n\t\t\t\t\t<\/div>\n\t\t\t\t<\/div>\n\t\t<div class=\"elementor-element elementor-element-96cd684 e-flex e-con-boxed e-con e-parent\" data-id=\"96cd684\" data-element_type=\"container\" data-e-type=\"container\">\n\t\t\t\t\t<div class=\"e-con-inner\">\n\t\t<div class=\"elementor-element elementor-element-ab428b3 e-con-full e-flex e-con e-child\" data-id=\"ab428b3\" data-element_type=\"container\" data-e-type=\"container\" data-settings=\"{&quot;background_background&quot;:&quot;gradient&quot;}\">\n\t\t\t\t<div class=\"elementor-element elementor-element-77ceab0 animated-slow elementor-invisible elementor-widget elementor-widget-heading\" data-id=\"77ceab0\" data-element_type=\"widget\" data-e-type=\"widget\" data-settings=\"{&quot;_animation&quot;:&quot;fadeIn&quot;}\" data-widget_type=\"heading.default\">\n\t\t\t\t\t<h2 class=\"elementor-heading-title elementor-size-default\">Workplace Bullying Mediator<\/h2>\t\t\t\t<\/div>\n\t\t\t\t<div class=\"elementor-element elementor-element-1d19c21 elementor-invisible elementor-widget elementor-widget-text-editor\" data-id=\"1d19c21\" data-element_type=\"widget\" data-e-type=\"widget\" data-settings=\"{&quot;_animation&quot;:&quot;fadeIn&quot;,&quot;_animation_delay&quot;:200}\" data-widget_type=\"text-editor.default\">\n\t\t\t\t\t\t\t\t\tRadmila Maji\u0107\n\n<hr>\n\n+382 20 441 128\t\t\t\t\t\t\t\t<\/div>\n\t\t\t\t<\/div>\n\t\t<div class=\"elementor-element elementor-element-a53fb01 e-con-full e-flex e-con e-child\" data-id=\"a53fb01\" data-element_type=\"container\" data-e-type=\"container\" data-settings=\"{&quot;background_background&quot;:&quot;gradient&quot;}\">\n\t\t\t\t<div class=\"elementor-element elementor-element-7b5f1f5 animated-slow elementor-invisible elementor-widget elementor-widget-heading\" data-id=\"7b5f1f5\" data-element_type=\"widget\" data-e-type=\"widget\" data-settings=\"{&quot;_animation&quot;:&quot;fadeIn&quot;}\" data-widget_type=\"heading.default\">\n\t\t\t\t\t<h2 class=\"elementor-heading-title elementor-size-default\">Integrity <\/h2>\t\t\t\t<\/div>\n\t\t\t\t<div class=\"elementor-element elementor-element-d139d89 elementor-invisible elementor-widget elementor-widget-text-editor\" data-id=\"d139d89\" data-element_type=\"widget\" data-e-type=\"widget\" data-settings=\"{&quot;_animation&quot;:&quot;fadeIn&quot;,&quot;_animation_delay&quot;:200}\" data-widget_type=\"text-editor.default\">\n\t\t\t\t\t\t\t\t\tRemarks and Information\n\n<hr>\n\nintegritet@zicg.me\t\t\t\t\t\t\t\t<\/div>\n\t\t\t\t<\/div>\n\t\t<div class=\"elementor-element elementor-element-2dc0172 e-con-full e-flex e-con e-child\" data-id=\"2dc0172\" data-element_type=\"container\" data-e-type=\"container\" data-settings=\"{&quot;background_background&quot;:&quot;gradient&quot;}\">\n\t\t\t\t<div class=\"elementor-element elementor-element-fced15d animated-slow elementor-invisible elementor-widget elementor-widget-heading\" data-id=\"fced15d\" data-element_type=\"widget\" data-e-type=\"widget\" data-settings=\"{&quot;_animation&quot;:&quot;fadeIn&quot;}\" data-widget_type=\"heading.default\">\n\t\t\t\t\t<h2 class=\"elementor-heading-title elementor-size-default\">Media Inquiries<\/h2>\t\t\t\t<\/div>\n\t\t\t\t<div class=\"elementor-element elementor-element-df8b922 elementor-invisible elementor-widget elementor-widget-text-editor\" data-id=\"df8b922\" data-element_type=\"widget\" data-e-type=\"widget\" data-settings=\"{&quot;_animation&quot;:&quot;fadeIn&quot;,&quot;_animation_delay&quot;:200}\" data-widget_type=\"text-editor.default\">\n\t\t\t\t\t\t\t\t\tDijana Mihailovi\u0107\n\n<hr>\n\npr@zicg.me\t\t\t\t\t\t\t\t<\/div>\n\t\t\t\t<\/div>\n\t\t\t\t\t<\/div>\n\t\t\t\t<\/div>\n\t\t<div class=\"elementor-element elementor-element-2e2b101 e-con-full e-flex e-con e-parent\" data-id=\"2e2b101\" data-element_type=\"container\" data-e-type=\"container\">\n\t\t<div class=\"elementor-element elementor-element-59ef99b e-con-full e-flex e-con e-child\" data-id=\"59ef99b\" data-element_type=\"container\" data-e-type=\"container\" data-settings=\"{&quot;background_background&quot;:&quot;gradient&quot;}\">\n\t\t\t\t<div class=\"elementor-element elementor-element-069049b animated-slow elementor-invisible elementor-widget elementor-widget-heading\" data-id=\"069049b\" data-element_type=\"widget\" data-e-type=\"widget\" data-settings=\"{&quot;_animation&quot;:&quot;fadeIn&quot;}\" data-widget_type=\"heading.default\">\n\t\t\t\t\t<h2 class=\"elementor-heading-title elementor-size-default\">Address<\/h2>\t\t\t\t<\/div>\n\t\t\t\t<div class=\"elementor-element elementor-element-1d7b7b5 elementor-invisible elementor-widget elementor-widget-text-editor\" data-id=\"1d7b7b5\" data-element_type=\"widget\" data-e-type=\"widget\" data-settings=\"{&quot;_animation&quot;:&quot;fadeIn&quot;,&quot;_animation_delay&quot;:200}\" data-widget_type=\"text-editor.default\">\n\t\t\t\t\t\t\t\t\tTrg golooti\u010dkih \u017ertava no.13\n\n<hr\/>\n\n81000 Podgorica\t\t\t\t\t\t\t\t<\/div>\n\t\t\t\t<\/div>\n\t\t<div class=\"elementor-element elementor-element-465f4af e-con-full e-flex e-con e-child\" data-id=\"465f4af\" data-element_type=\"container\" data-e-type=\"container\" data-settings=\"{&quot;background_background&quot;:&quot;gradient&quot;}\">\n\t\t\t\t<div class=\"elementor-element elementor-element-2f9548e animated-slow elementor-invisible elementor-widget elementor-widget-heading\" data-id=\"2f9548e\" data-element_type=\"widget\" data-e-type=\"widget\" data-settings=\"{&quot;_animation&quot;:&quot;fadeIn&quot;}\" data-widget_type=\"heading.default\">\n\t\t\t\t\t<h2 class=\"elementor-heading-title elementor-size-default\">Working Hours<\/h2>\t\t\t\t<\/div>\n\t\t\t\t<div class=\"elementor-element elementor-element-6d9215e elementor-invisible elementor-widget elementor-widget-text-editor\" data-id=\"6d9215e\" data-element_type=\"widget\" data-e-type=\"widget\" data-settings=\"{&quot;_animation&quot;:&quot;fadeIn&quot;,&quot;_animation_delay&quot;:200}\" data-widget_type=\"text-editor.default\">\n\t\t\t\t\t\t\t\t\tMonday\u2013Friday\n\n<hr>\n\n7:00 AM \u2013 3:00 PM\t\t\t\t\t\t\t\t<\/div>\n\t\t\t\t<\/div>\n\t\t<div class=\"elementor-element elementor-element-a2ab6a8 e-con-full e-flex e-con e-child\" data-id=\"a2ab6a8\" data-element_type=\"container\" data-e-type=\"container\" data-settings=\"{&quot;background_background&quot;:&quot;gradient&quot;}\">\n\t\t\t\t<div class=\"elementor-element elementor-element-14cf36c animated-slow elementor-invisible elementor-widget elementor-widget-heading\" data-id=\"14cf36c\" data-element_type=\"widget\" data-e-type=\"widget\" data-settings=\"{&quot;_animation&quot;:&quot;fadeIn&quot;}\" data-widget_type=\"heading.default\">\n\t\t\t\t\t<h2 class=\"elementor-heading-title elementor-size-default\">Client Services<\/h2>\t\t\t\t<\/div>\n\t\t\t\t<div class=\"elementor-element elementor-element-b359547 elementor-invisible elementor-widget elementor-widget-text-editor\" data-id=\"b359547\" data-element_type=\"widget\" data-e-type=\"widget\" data-settings=\"{&quot;_animation&quot;:&quot;fadeIn&quot;,&quot;_animation_delay&quot;:200}\" data-widget_type=\"text-editor.default\">\n\t\t\t\t\t\t\t\t\tMonday\u2013Friday\n\n<hr><br>\n12:00 PM \u2013 12:30 PM\t\t\t\t\t\t\t\t<\/div>\n\t\t\t\t<\/div>\n\t\t\t\t<\/div>\n\t\t\t\t<\/div>\n\t\t","protected":false},"excerpt":{"rendered":"<p>Contact Home \u2192 Contact Executive Director\u2019s Office +382 20 441 403 kabinet.id@zicg.me Office of the Board of Directors +382 20 441 250 kabinet.od@zicg.me Reconstruction of the Golubovci\u2013Bar Railway Line Complaints \/ Appeals prigovor@zicg.me Workplace Bullying Mediator Radmila Maji\u0107 +382 20 441 128 Integrity Remarks and Information integritet@zicg.me Media Inquiries Dijana Mihailovi\u0107 pr@zicg.me Address Trg golooti\u010dkih [&hellip;]<\/p>\n","protected":false},"author":1,"featured_media":0,"parent":0,"menu_order":0,"comment_status":"closed","ping_status":"closed","template":"elementor_header_footer","meta":{"footnotes":""},"class_list":["post-8598","page","type-page","status-publish","hentry"],"yoast_head":"<!-- This site is optimized with the Yoast SEO plugin v27.2 - https:\/\/yoast.com\/product\/yoast-seo-wordpress\/ -->\n<title>Contact &#8212; \u017deljezni\u010dka infrastruktura Crne Gore - AD Podgorica<\/title>\n<meta name=\"robots\" content=\"index, follow, max-snippet:-1, max-image-preview:large, max-video-preview:-1\" \/>\n<link rel=\"canonical\" href=\"https:\/\/beta.zicg.me\/kontakt\/\" \/>\n<meta property=\"og:locale\" content=\"en_US\" \/>\n<meta property=\"og:type\" content=\"article\" \/>\n<meta property=\"og:title\" content=\"Contact &#8212; \u017deljezni\u010dka infrastruktura Crne Gore - AD Podgorica\" \/>\n<meta property=\"og:description\" content=\"Contact Home \u2192 Contact Executive Director\u2019s Office +382 20 441 403 kabinet.id@zicg.me Office of the Board of Directors +382 20 441 250 kabinet.od@zicg.me Reconstruction of the Golubovci\u2013Bar Railway Line Complaints \/ Appeals prigovor@zicg.me Workplace Bullying Mediator Radmila Maji\u0107 +382 20 441 128 Integrity Remarks and Information integritet@zicg.me Media Inquiries Dijana Mihailovi\u0107 pr@zicg.me Address Trg golooti\u010dkih [&hellip;]\" \/>\n<meta property=\"og:url\" content=\"https:\/\/beta.zicg.me\/kontakt\/\" \/>\n<meta property=\"og:site_name\" content=\"\u017deljezni\u010dka infrastruktura Crne Gore - AD Podgorica\" \/>\n<meta property=\"article:publisher\" content=\"https:\/\/www.facebook.com\/zicgad\" \/>\n<meta property=\"article:modified_time\" content=\"2026-03-19T13:12:59+00:00\" \/>\n<meta property=\"og:image\" content=\"https:\/\/beta.zicg.me\/wp-content\/uploads\/2025\/11\/fc.png\" \/>\n\t<meta property=\"og:image:width\" content=\"188\" \/>\n\t<meta property=\"og:image:height\" content=\"80\" \/>\n\t<meta property=\"og:image:type\" content=\"image\/png\" \/>\n<meta name=\"twitter:card\" content=\"summary_large_image\" \/>\n<meta name=\"twitter:site\" content=\"@ZICG_AD\" \/>\n<meta name=\"twitter:label1\" content=\"Est. reading time\" \/>\n\t<meta name=\"twitter:data1\" content=\"1 minute\" \/>\n<script type=\"application\/ld+json\" class=\"yoast-schema-graph\">{\"@context\":\"https:\/\/schema.org\",\"@graph\":[{\"@type\":\"WebPage\",\"@id\":\"https:\/\/beta.zicg.me\/kontakt\/\",\"url\":\"https:\/\/beta.zicg.me\/kontakt\/\",\"name\":\"Contact &#8212; \u017deljezni\u010dka infrastruktura Crne Gore - AD Podgorica\",\"isPartOf\":{\"@id\":\"https:\/\/beta.zicg.me\/#website\"},\"datePublished\":\"2025-11-26T12:40:44+00:00\",\"dateModified\":\"2026-03-19T13:12:59+00:00\",\"breadcrumb\":{\"@id\":\"https:\/\/beta.zicg.me\/kontakt\/#breadcrumb\"},\"inLanguage\":\"en-US\",\"potentialAction\":[{\"@type\":\"ReadAction\",\"target\":[\"https:\/\/beta.zicg.me\/kontakt\/\"]}]},{\"@type\":\"BreadcrumbList\",\"@id\":\"https:\/\/beta.zicg.me\/kontakt\/#breadcrumb\",\"itemListElement\":[{\"@type\":\"ListItem\",\"position\":1,\"name\":\"Home\",\"item\":\"https:\/\/beta.zicg.me\/\"},{\"@type\":\"ListItem\",\"position\":2,\"name\":\"Contact\"}]},{\"@type\":\"WebSite\",\"@id\":\"https:\/\/beta.zicg.me\/#website\",\"url\":\"https:\/\/beta.zicg.me\/\",\"name\":\"\u017deljezni\u010dka infrastruktura Crne Gore - AD Podgorica\",\"description\":\"Izgradnja, odr\u017eavanje, rekonstrukcija i modernizacija \u017eeljezni\u010dke infrastrukture  Crrne Gore\",\"publisher\":{\"@id\":\"https:\/\/beta.zicg.me\/#organization\"},\"alternateName\":\"\u017dICG\",\"potentialAction\":[{\"@type\":\"SearchAction\",\"target\":{\"@type\":\"EntryPoint\",\"urlTemplate\":\"https:\/\/beta.zicg.me\/?s={search_term_string}\"},\"query-input\":{\"@type\":\"PropertyValueSpecification\",\"valueRequired\":true,\"valueName\":\"search_term_string\"}}],\"inLanguage\":\"en-US\"},{\"@type\":\"Organization\",\"@id\":\"https:\/\/beta.zicg.me\/#organization\",\"name\":\"\u017deljezni\u010dka infrastruktura Crne Gore - AD Podgorica\",\"alternateName\":\"\u017dICG\",\"url\":\"https:\/\/beta.zicg.me\/\",\"logo\":{\"@type\":\"ImageObject\",\"inLanguage\":\"en-US\",\"@id\":\"https:\/\/beta.zicg.me\/#\/schema\/logo\/image\/\",\"url\":\"https:\/\/beta.zicg.me\/wp-content\/uploads\/2025\/11\/znak-i-logo-ad-podgorica-scaled.png\",\"contentUrl\":\"https:\/\/beta.zicg.me\/wp-content\/uploads\/2025\/11\/znak-i-logo-ad-podgorica-scaled.png\",\"width\":2560,\"height\":719,\"caption\":\"\u017deljezni\u010dka infrastruktura Crne Gore - AD Podgorica\"},\"image\":{\"@id\":\"https:\/\/beta.zicg.me\/#\/schema\/logo\/image\/\"},\"sameAs\":[\"https:\/\/www.facebook.com\/zicgad\",\"https:\/\/x.com\/ZICG_AD\",\"https:\/\/www.instagram.com\/zeljeznickainfrastrukturacg\/\"]}]}<\/script>\n<!-- \/ Yoast SEO plugin. -->","yoast_head_json":{"title":"Contact &#8212; \u017deljezni\u010dka infrastruktura Crne Gore - AD Podgorica","robots":{"index":"index","follow":"follow","max-snippet":"max-snippet:-1","max-image-preview":"max-image-preview:large","max-video-preview":"max-video-preview:-1"},"canonical":"https:\/\/beta.zicg.me\/kontakt\/","og_locale":"en_US","og_type":"article","og_title":"Contact &#8212; \u017deljezni\u010dka infrastruktura Crne Gore - AD Podgorica","og_description":"Contact Home \u2192 Contact Executive Director\u2019s Office +382 20 441 403 kabinet.id@zicg.me Office of the Board of Directors +382 20 441 250 kabinet.od@zicg.me Reconstruction of the Golubovci\u2013Bar Railway Line Complaints \/ Appeals prigovor@zicg.me Workplace Bullying Mediator Radmila Maji\u0107 +382 20 441 128 Integrity Remarks and Information integritet@zicg.me Media Inquiries Dijana Mihailovi\u0107 pr@zicg.me Address Trg golooti\u010dkih [&hellip;]","og_url":"https:\/\/beta.zicg.me\/kontakt\/","og_site_name":"\u017deljezni\u010dka infrastruktura Crne Gore - AD Podgorica","article_publisher":"https:\/\/www.facebook.com\/zicgad","article_modified_time":"2026-03-19T13:12:59+00:00","og_image":[{"width":188,"height":80,"url":"https:\/\/beta.zicg.me\/wp-content\/uploads\/2025\/11\/fc.png","type":"image\/png"}],"twitter_card":"summary_large_image","twitter_site":"@ZICG_AD","twitter_misc":{"Est. reading time":"1 minute"},"schema":{"@context":"https:\/\/schema.org","@graph":[{"@type":"WebPage","@id":"https:\/\/beta.zicg.me\/kontakt\/","url":"https:\/\/beta.zicg.me\/kontakt\/","name":"Contact &#8212; \u017deljezni\u010dka infrastruktura Crne Gore - AD Podgorica","isPartOf":{"@id":"https:\/\/beta.zicg.me\/#website"},"datePublished":"2025-11-26T12:40:44+00:00","dateModified":"2026-03-19T13:12:59+00:00","breadcrumb":{"@id":"https:\/\/beta.zicg.me\/kontakt\/#breadcrumb"},"inLanguage":"en-US","potentialAction":[{"@type":"ReadAction","target":["https:\/\/beta.zicg.me\/kontakt\/"]}]},{"@type":"BreadcrumbList","@id":"https:\/\/beta.zicg.me\/kontakt\/#breadcrumb","itemListElement":[{"@type":"ListItem","position":1,"name":"Home","item":"https:\/\/beta.zicg.me\/"},{"@type":"ListItem","position":2,"name":"Contact"}]},{"@type":"WebSite","@id":"https:\/\/beta.zicg.me\/#website","url":"https:\/\/beta.zicg.me\/","name":"\u017deljezni\u010dka infrastruktura Crne Gore - AD Podgorica","description":"Izgradnja, odr\u017eavanje, rekonstrukcija i modernizacija \u017eeljezni\u010dke infrastrukture  Crrne Gore","publisher":{"@id":"https:\/\/beta.zicg.me\/#organization"},"alternateName":"\u017dICG","potentialAction":[{"@type":"SearchAction","target":{"@type":"EntryPoint","urlTemplate":"https:\/\/beta.zicg.me\/?s={search_term_string}"},"query-input":{"@type":"PropertyValueSpecification","valueRequired":true,"valueName":"search_term_string"}}],"inLanguage":"en-US"},{"@type":"Organization","@id":"https:\/\/beta.zicg.me\/#organization","name":"\u017deljezni\u010dka infrastruktura Crne Gore - AD Podgorica","alternateName":"\u017dICG","url":"https:\/\/beta.zicg.me\/","logo":{"@type":"ImageObject","inLanguage":"en-US","@id":"https:\/\/beta.zicg.me\/#\/schema\/logo\/image\/","url":"https:\/\/beta.zicg.me\/wp-content\/uploads\/2025\/11\/znak-i-logo-ad-podgorica-scaled.png","contentUrl":"https:\/\/beta.zicg.me\/wp-content\/uploads\/2025\/11\/znak-i-logo-ad-podgorica-scaled.png","width":2560,"height":719,"caption":"\u017deljezni\u010dka infrastruktura Crne Gore - AD Podgorica"},"image":{"@id":"https:\/\/beta.zicg.me\/#\/schema\/logo\/image\/"},"sameAs":["https:\/\/www.facebook.com\/zicgad","https:\/\/x.com\/ZICG_AD","https:\/\/www.instagram.com\/zeljeznickainfrastrukturacg\/"]}]}},"_links":{"self":[{"href":"https:\/\/beta.zicg.me\/en\/wp-json\/wp\/v2\/pages\/8598","targetHints":{"allow":["GET"]}}],"collection":[{"href":"https:\/\/beta.zicg.me\/en\/wp-json\/wp\/v2\/pages"}],"about":[{"href":"https:\/\/beta.zicg.me\/en\/wp-json\/wp\/v2\/types\/page"}],"author":[{"embeddable":true,"href":"https:\/\/beta.zicg.me\/en\/wp-json\/wp\/v2\/users\/1"}],"replies":[{"embeddable":true,"href":"https:\/\/beta.zicg.me\/en\/wp-json\/wp\/v2\/comments?post=8598"}],"version-history":[{"count":7,"href":"https:\/\/beta.zicg.me\/en\/wp-json\/wp\/v2\/pages\/8598\/revisions"}],"predecessor-version":[{"id":8605,"href":"https:\/\/beta.zicg.me\/en\/wp-json\/wp\/v2\/pages\/8598\/revisions\/8605"}],"wp:attachment":[{"href":"https:\/\/beta.zicg.me\/en\/wp-json\/wp\/v2\/media?parent=8598"}],"curies":[{"name":"wp","href":"https:\/\/api.w.org\/{rel}","templated":true}]}}