{"id":8587,"date":"2025-12-03T09:08:41","date_gmt":"2025-12-03T09:08:41","guid":{"rendered":"https:\/\/zicg.milijanapetar.com\/share-capital\/"},"modified":"2026-03-19T11:44:28","modified_gmt":"2026-03-19T11:44:28","slug":"share-capital","status":"publish","type":"page","link":"https:\/\/beta.zicg.me\/en\/share-capital\/","title":{"rendered":"Share Capital"},"content":{"rendered":"\t\t<div data-elementor-type=\"wp-page\" data-elementor-id=\"8587\" class=\"elementor elementor-8587 elementor-3028\" data-elementor-post-type=\"page\">\n\t\t\t\t<div class=\"elementor-element elementor-element-1ecd67f5 e-con-full e-flex e-con e-parent\" data-id=\"1ecd67f5\" data-element_type=\"container\" data-e-type=\"container\" data-settings=\"{&quot;background_background&quot;:&quot;gradient&quot;}\">\n\t\t<div class=\"elementor-element elementor-element-2c3297db e-con-full e-flex e-con e-child\" data-id=\"2c3297db\" data-element_type=\"container\" data-e-type=\"container\" data-settings=\"{&quot;background_background&quot;:&quot;classic&quot;}\">\n\t\t\t\t<div class=\"elementor-element elementor-element-7e0c2d05 animated-slow elementor-invisible elementor-widget elementor-widget-heading\" data-id=\"7e0c2d05\" data-element_type=\"widget\" data-e-type=\"widget\" data-settings=\"{&quot;_animation&quot;:&quot;fadeIn&quot;}\" data-widget_type=\"heading.default\">\n\t\t\t\t\t<h2 class=\"elementor-heading-title elementor-size-default\">Share Capital<\/h2>\t\t\t\t<\/div>\n\t\t\t\t<div class=\"elementor-element elementor-element-4e209726 elementor-invisible elementor-widget elementor-widget-text-editor\" data-id=\"4e209726\" data-element_type=\"widget\" data-e-type=\"widget\" data-settings=\"{&quot;_animation&quot;:&quot;fadeIn&quot;,&quot;_animation_delay&quot;:200}\" data-widget_type=\"text-editor.default\">\n\t\t\t\t\t\t\t\t\t<p><a href=\"https:\/\/beta.zicg.me\/en\">Home<\/a> \u2192 <a href=\"https:\/\/beta.zicg.me\/en\/about-us\/\">About us \u2192 <\/a>Share Capital<\/p>\t\t\t\t\t\t\t\t<\/div>\n\t\t\t\t<\/div>\n\t\t\t\t<\/div>\n\t\t<div class=\"elementor-element elementor-element-4bfc57f e-flex e-con-boxed e-con e-parent\" data-id=\"4bfc57f\" data-element_type=\"container\" data-e-type=\"container\" data-settings=\"{&quot;shape_divider_top&quot;:&quot;curve&quot;}\">\n\t\t\t\t\t<div class=\"e-con-inner\">\n\t\t\t\t<div class=\"elementor-shape elementor-shape-top\" aria-hidden=\"true\" data-negative=\"false\">\n\t\t\t<svg xmlns=\"http:\/\/www.w3.org\/2000\/svg\" viewBox=\"0 0 1000 100\" preserveAspectRatio=\"none\">\n    <path class=\"elementor-shape-fill\" d=\"M1000,4.3V0H0v4.3C0.9,23.1,126.7,99.2,500,100S1000,22.7,1000,4.3z\"\/>\n<\/svg>\t\t<\/div>\n\t\t\t\t<div class=\"elementor-element elementor-element-3f25ef64 elementor-widget elementor-widget-spacer\" data-id=\"3f25ef64\" data-element_type=\"widget\" data-e-type=\"widget\" data-widget_type=\"spacer.default\">\n\t\t\t\t\t\t\t<div class=\"elementor-spacer\">\n\t\t\t<div class=\"elementor-spacer-inner\"><\/div>\n\t\t<\/div>\n\t\t\t\t\t\t<\/div>\n\t\t\t\t\t<\/div>\n\t\t\t\t<\/div>\n\t\t<div class=\"elementor-element elementor-element-bfa0d8f e-flex e-con-boxed e-con e-parent\" data-id=\"bfa0d8f\" data-element_type=\"container\" data-e-type=\"container\">\n\t\t\t\t\t<div class=\"e-con-inner\">\n\t\t<div class=\"elementor-element elementor-element-3d5581e e-con-full e-flex e-con e-child\" data-id=\"3d5581e\" data-element_type=\"container\" data-e-type=\"container\" data-settings=\"{&quot;background_background&quot;:&quot;gradient&quot;}\">\n\t\t<div class=\"elementor-element elementor-element-7622f24 e-con-full e-flex elementor-invisible e-con e-child\" data-id=\"7622f24\" data-element_type=\"container\" data-e-type=\"container\" data-settings=\"{&quot;animation&quot;:&quot;fadeInUp&quot;}\">\n\t\t<div class=\"elementor-element elementor-element-542fe00 e-con-full e-flex e-con e-child\" data-id=\"542fe00\" data-element_type=\"container\" data-e-type=\"container\" data-settings=\"{&quot;background_background&quot;:&quot;classic&quot;}\">\n\t\t\t\t<div class=\"elementor-element elementor-element-6fb01ab elementor-invisible elementor-widget elementor-widget-text-editor\" data-id=\"6fb01ab\" data-element_type=\"widget\" data-e-type=\"widget\" data-settings=\"{&quot;_animation&quot;:&quot;fadeIn&quot;,&quot;_animation_delay&quot;:200}\" data-widget_type=\"text-editor.default\">\n\t\t\t\t\t\t\t\t\t<strong>Total company capital: 439,663,125.6936<\/strong>\n\n<hr>\n\n<strong>Number of shares: 157,638,774<\/strong>\t\t\t\t\t\t\t\t<\/div>\n\t\t\t\t<\/div>\n\t\t\t\t<\/div>\n\t\t\t\t<\/div>\n\t\t\t\t\t<\/div>\n\t\t\t\t<\/div>\n\t\t<div class=\"elementor-element elementor-element-b34804e e-flex e-con-boxed e-con e-parent\" data-id=\"b34804e\" data-element_type=\"container\" data-e-type=\"container\">\n\t\t\t\t\t<div class=\"e-con-inner\">\n\t\t\t\t<div class=\"elementor-element elementor-element-8ac6719 elementor-widget elementor-widget-image\" data-id=\"8ac6719\" data-element_type=\"widget\" data-e-type=\"widget\" data-widget_type=\"image.default\">\n\t\t\t\t\t\t\t\t\t\t\t\t\t\t\t<img fetchpriority=\"high\" decoding=\"async\" width=\"800\" height=\"598\" src=\"https:\/\/beta.zicg.me\/wp-content\/uploads\/2025\/12\/akcijski-kapital-e1764854469693.jpg\" class=\"attachment-large size-large wp-image-8586\" alt=\"\" srcset=\"https:\/\/beta.zicg.me\/wp-content\/uploads\/2025\/12\/akcijski-kapital-e1764854469693.jpg 898w, https:\/\/beta.zicg.me\/wp-content\/uploads\/2025\/12\/akcijski-kapital-e1764854469693-300x224.jpg 300w, https:\/\/beta.zicg.me\/wp-content\/uploads\/2025\/12\/akcijski-kapital-e1764854469693-768x574.jpg 768w\" sizes=\"(max-width: 800px) 100vw, 800px\" \/>\t\t\t\t\t\t\t\t\t\t\t\t\t\t\t<\/div>\n\t\t\t\t\t<\/div>\n\t\t\t\t<\/div>\n\t\t\t\t<\/div>\n\t\t","protected":false},"excerpt":{"rendered":"<p>Share Capital Home \u2192 About us \u2192 Share Capital Total company capital: 439,663,125.6936 Number of shares: 157,638,774<\/p>\n","protected":false},"author":1,"featured_media":0,"parent":0,"menu_order":0,"comment_status":"closed","ping_status":"closed","template":"elementor_header_footer","meta":{"footnotes":""},"class_list":["post-8587","page","type-page","status-publish","hentry"],"yoast_head":"<!-- This site is optimized with the Yoast SEO plugin v27.2 - https:\/\/yoast.com\/product\/yoast-seo-wordpress\/ -->\n<title>Share Capital &#8212; \u017deljezni\u010dka infrastruktura Crne Gore - AD Podgorica<\/title>\n<meta name=\"robots\" content=\"index, follow, max-snippet:-1, max-image-preview:large, max-video-preview:-1\" \/>\n<link rel=\"canonical\" href=\"https:\/\/beta.zicg.me\/en\/share-capital\/\" \/>\n<meta property=\"og:locale\" content=\"en_US\" \/>\n<meta property=\"og:type\" content=\"article\" \/>\n<meta property=\"og:title\" content=\"Share Capital &#8212; \u017deljezni\u010dka infrastruktura Crne Gore - AD Podgorica\" \/>\n<meta property=\"og:description\" content=\"Share Capital Home \u2192 About us \u2192 Share Capital Total company capital: 439,663,125.6936 Number of shares: 157,638,774\" \/>\n<meta property=\"og:url\" content=\"https:\/\/beta.zicg.me\/en\/share-capital\/\" \/>\n<meta property=\"og:site_name\" content=\"\u017deljezni\u010dka infrastruktura Crne Gore - AD Podgorica\" \/>\n<meta property=\"article:publisher\" content=\"https:\/\/www.facebook.com\/zicgad\" \/>\n<meta property=\"article:modified_time\" content=\"2026-03-19T11:44:28+00:00\" \/>\n<meta property=\"og:image\" content=\"https:\/\/beta.zicg.me\/wp-content\/uploads\/2025\/12\/akcijski-kapital-e1764854469693.jpg\" \/>\n\t<meta property=\"og:image:width\" content=\"898\" \/>\n\t<meta property=\"og:image:height\" content=\"671\" \/>\n\t<meta property=\"og:image:type\" content=\"image\/jpeg\" \/>\n<meta name=\"twitter:card\" content=\"summary_large_image\" \/>\n<meta name=\"twitter:site\" content=\"@ZICG_AD\" \/>\n<script type=\"application\/ld+json\" class=\"yoast-schema-graph\">{\"@context\":\"https:\/\/schema.org\",\"@graph\":[{\"@type\":\"WebPage\",\"@id\":\"https:\/\/beta.zicg.me\/en\/share-capital\/\",\"url\":\"https:\/\/beta.zicg.me\/en\/share-capital\/\",\"name\":\"Share Capital &#8212; \u017deljezni\u010dka infrastruktura Crne Gore - AD Podgorica\",\"isPartOf\":{\"@id\":\"https:\/\/beta.zicg.me\/#website\"},\"primaryImageOfPage\":{\"@id\":\"https:\/\/beta.zicg.me\/en\/share-capital\/#primaryimage\"},\"image\":{\"@id\":\"https:\/\/beta.zicg.me\/en\/share-capital\/#primaryimage\"},\"thumbnailUrl\":\"https:\/\/beta.zicg.me\/wp-content\/uploads\/2025\/12\/akcijski-kapital-e1764854469693.jpg\",\"datePublished\":\"2025-12-03T09:08:41+00:00\",\"dateModified\":\"2026-03-19T11:44:28+00:00\",\"breadcrumb\":{\"@id\":\"https:\/\/beta.zicg.me\/en\/share-capital\/#breadcrumb\"},\"inLanguage\":\"en-US\",\"potentialAction\":[{\"@type\":\"ReadAction\",\"target\":[\"https:\/\/beta.zicg.me\/en\/share-capital\/\"]}]},{\"@type\":\"ImageObject\",\"inLanguage\":\"en-US\",\"@id\":\"https:\/\/beta.zicg.me\/en\/share-capital\/#primaryimage\",\"url\":\"https:\/\/beta.zicg.me\/wp-content\/uploads\/2025\/12\/akcijski-kapital-e1764854469693.jpg\",\"contentUrl\":\"https:\/\/beta.zicg.me\/wp-content\/uploads\/2025\/12\/akcijski-kapital-e1764854469693.jpg\"},{\"@type\":\"BreadcrumbList\",\"@id\":\"https:\/\/beta.zicg.me\/en\/share-capital\/#breadcrumb\",\"itemListElement\":[{\"@type\":\"ListItem\",\"position\":1,\"name\":\"Home\",\"item\":\"https:\/\/beta.zicg.me\/\"},{\"@type\":\"ListItem\",\"position\":2,\"name\":\"Share Capital\"}]},{\"@type\":\"WebSite\",\"@id\":\"https:\/\/beta.zicg.me\/#website\",\"url\":\"https:\/\/beta.zicg.me\/\",\"name\":\"\u017deljezni\u010dka infrastruktura Crne Gore - AD Podgorica\",\"description\":\"Izgradnja, odr\u017eavanje, rekonstrukcija i modernizacija \u017eeljezni\u010dke infrastrukture  Crrne Gore\",\"publisher\":{\"@id\":\"https:\/\/beta.zicg.me\/#organization\"},\"alternateName\":\"\u017dICG\",\"potentialAction\":[{\"@type\":\"SearchAction\",\"target\":{\"@type\":\"EntryPoint\",\"urlTemplate\":\"https:\/\/beta.zicg.me\/?s={search_term_string}\"},\"query-input\":{\"@type\":\"PropertyValueSpecification\",\"valueRequired\":true,\"valueName\":\"search_term_string\"}}],\"inLanguage\":\"en-US\"},{\"@type\":\"Organization\",\"@id\":\"https:\/\/beta.zicg.me\/#organization\",\"name\":\"\u017deljezni\u010dka infrastruktura Crne Gore - AD Podgorica\",\"alternateName\":\"\u017dICG\",\"url\":\"https:\/\/beta.zicg.me\/\",\"logo\":{\"@type\":\"ImageObject\",\"inLanguage\":\"en-US\",\"@id\":\"https:\/\/beta.zicg.me\/#\/schema\/logo\/image\/\",\"url\":\"https:\/\/beta.zicg.me\/wp-content\/uploads\/2025\/11\/znak-i-logo-ad-podgorica-scaled.png\",\"contentUrl\":\"https:\/\/beta.zicg.me\/wp-content\/uploads\/2025\/11\/znak-i-logo-ad-podgorica-scaled.png\",\"width\":2560,\"height\":719,\"caption\":\"\u017deljezni\u010dka infrastruktura Crne Gore - AD Podgorica\"},\"image\":{\"@id\":\"https:\/\/beta.zicg.me\/#\/schema\/logo\/image\/\"},\"sameAs\":[\"https:\/\/www.facebook.com\/zicgad\",\"https:\/\/x.com\/ZICG_AD\",\"https:\/\/www.instagram.com\/zeljeznickainfrastrukturacg\/\"]}]}<\/script>\n<!-- \/ Yoast SEO plugin. -->","yoast_head_json":{"title":"Share Capital &#8212; \u017deljezni\u010dka infrastruktura Crne Gore - AD Podgorica","robots":{"index":"index","follow":"follow","max-snippet":"max-snippet:-1","max-image-preview":"max-image-preview:large","max-video-preview":"max-video-preview:-1"},"canonical":"https:\/\/beta.zicg.me\/en\/share-capital\/","og_locale":"en_US","og_type":"article","og_title":"Share Capital &#8212; \u017deljezni\u010dka infrastruktura Crne Gore - AD Podgorica","og_description":"Share Capital Home \u2192 About us \u2192 Share Capital Total company capital: 439,663,125.6936 Number of shares: 157,638,774","og_url":"https:\/\/beta.zicg.me\/en\/share-capital\/","og_site_name":"\u017deljezni\u010dka infrastruktura Crne Gore - AD Podgorica","article_publisher":"https:\/\/www.facebook.com\/zicgad","article_modified_time":"2026-03-19T11:44:28+00:00","og_image":[{"width":898,"height":671,"url":"https:\/\/beta.zicg.me\/wp-content\/uploads\/2025\/12\/akcijski-kapital-e1764854469693.jpg","type":"image\/jpeg"}],"twitter_card":"summary_large_image","twitter_site":"@ZICG_AD","schema":{"@context":"https:\/\/schema.org","@graph":[{"@type":"WebPage","@id":"https:\/\/beta.zicg.me\/en\/share-capital\/","url":"https:\/\/beta.zicg.me\/en\/share-capital\/","name":"Share Capital &#8212; \u017deljezni\u010dka infrastruktura Crne Gore - AD Podgorica","isPartOf":{"@id":"https:\/\/beta.zicg.me\/#website"},"primaryImageOfPage":{"@id":"https:\/\/beta.zicg.me\/en\/share-capital\/#primaryimage"},"image":{"@id":"https:\/\/beta.zicg.me\/en\/share-capital\/#primaryimage"},"thumbnailUrl":"https:\/\/beta.zicg.me\/wp-content\/uploads\/2025\/12\/akcijski-kapital-e1764854469693.jpg","datePublished":"2025-12-03T09:08:41+00:00","dateModified":"2026-03-19T11:44:28+00:00","breadcrumb":{"@id":"https:\/\/beta.zicg.me\/en\/share-capital\/#breadcrumb"},"inLanguage":"en-US","potentialAction":[{"@type":"ReadAction","target":["https:\/\/beta.zicg.me\/en\/share-capital\/"]}]},{"@type":"ImageObject","inLanguage":"en-US","@id":"https:\/\/beta.zicg.me\/en\/share-capital\/#primaryimage","url":"https:\/\/beta.zicg.me\/wp-content\/uploads\/2025\/12\/akcijski-kapital-e1764854469693.jpg","contentUrl":"https:\/\/beta.zicg.me\/wp-content\/uploads\/2025\/12\/akcijski-kapital-e1764854469693.jpg"},{"@type":"BreadcrumbList","@id":"https:\/\/beta.zicg.me\/en\/share-capital\/#breadcrumb","itemListElement":[{"@type":"ListItem","position":1,"name":"Home","item":"https:\/\/beta.zicg.me\/"},{"@type":"ListItem","position":2,"name":"Share Capital"}]},{"@type":"WebSite","@id":"https:\/\/beta.zicg.me\/#website","url":"https:\/\/beta.zicg.me\/","name":"\u017deljezni\u010dka infrastruktura Crne Gore - AD Podgorica","description":"Izgradnja, odr\u017eavanje, rekonstrukcija i modernizacija \u017eeljezni\u010dke infrastrukture  Crrne Gore","publisher":{"@id":"https:\/\/beta.zicg.me\/#organization"},"alternateName":"\u017dICG","potentialAction":[{"@type":"SearchAction","target":{"@type":"EntryPoint","urlTemplate":"https:\/\/beta.zicg.me\/?s={search_term_string}"},"query-input":{"@type":"PropertyValueSpecification","valueRequired":true,"valueName":"search_term_string"}}],"inLanguage":"en-US"},{"@type":"Organization","@id":"https:\/\/beta.zicg.me\/#organization","name":"\u017deljezni\u010dka infrastruktura Crne Gore - AD Podgorica","alternateName":"\u017dICG","url":"https:\/\/beta.zicg.me\/","logo":{"@type":"ImageObject","inLanguage":"en-US","@id":"https:\/\/beta.zicg.me\/#\/schema\/logo\/image\/","url":"https:\/\/beta.zicg.me\/wp-content\/uploads\/2025\/11\/znak-i-logo-ad-podgorica-scaled.png","contentUrl":"https:\/\/beta.zicg.me\/wp-content\/uploads\/2025\/11\/znak-i-logo-ad-podgorica-scaled.png","width":2560,"height":719,"caption":"\u017deljezni\u010dka infrastruktura Crne Gore - AD Podgorica"},"image":{"@id":"https:\/\/beta.zicg.me\/#\/schema\/logo\/image\/"},"sameAs":["https:\/\/www.facebook.com\/zicgad","https:\/\/x.com\/ZICG_AD","https:\/\/www.instagram.com\/zeljeznickainfrastrukturacg\/"]}]}},"_links":{"self":[{"href":"https:\/\/beta.zicg.me\/en\/wp-json\/wp\/v2\/pages\/8587","targetHints":{"allow":["GET"]}}],"collection":[{"href":"https:\/\/beta.zicg.me\/en\/wp-json\/wp\/v2\/pages"}],"about":[{"href":"https:\/\/beta.zicg.me\/en\/wp-json\/wp\/v2\/types\/page"}],"author":[{"embeddable":true,"href":"https:\/\/beta.zicg.me\/en\/wp-json\/wp\/v2\/users\/1"}],"replies":[{"embeddable":true,"href":"https:\/\/beta.zicg.me\/en\/wp-json\/wp\/v2\/comments?post=8587"}],"version-history":[{"count":1,"href":"https:\/\/beta.zicg.me\/en\/wp-json\/wp\/v2\/pages\/8587\/revisions"}],"predecessor-version":[{"id":8588,"href":"https:\/\/beta.zicg.me\/en\/wp-json\/wp\/v2\/pages\/8587\/revisions\/8588"}],"wp:attachment":[{"href":"https:\/\/beta.zicg.me\/en\/wp-json\/wp\/v2\/media?parent=8587"}],"curies":[{"name":"wp","href":"https:\/\/api.w.org\/{rel}","templated":true}]}}