{"id":8581,"date":"2025-11-25T11:23:18","date_gmt":"2025-11-25T11:23:18","guid":{"rendered":"https:\/\/zicg.milijanapetar.com\/organizational-structure\/"},"modified":"2026-03-19T11:40:13","modified_gmt":"2026-03-19T11:40:13","slug":"organizational-structure","status":"publish","type":"page","link":"https:\/\/beta.zicg.me\/en\/organizational-structure\/","title":{"rendered":"Organizational structure"},"content":{"rendered":"\t\t<div data-elementor-type=\"wp-page\" data-elementor-id=\"8581\" class=\"elementor elementor-8581 elementor-2102\" data-elementor-post-type=\"page\">\n\t\t\t\t<div class=\"elementor-element elementor-element-42dc5adb e-con-full e-flex e-con e-parent\" data-id=\"42dc5adb\" data-element_type=\"container\" data-e-type=\"container\" data-settings=\"{&quot;background_background&quot;:&quot;gradient&quot;}\">\n\t\t<div class=\"elementor-element elementor-element-35098afd e-con-full e-flex e-con e-child\" data-id=\"35098afd\" data-element_type=\"container\" data-e-type=\"container\" data-settings=\"{&quot;background_background&quot;:&quot;classic&quot;}\">\n\t\t\t\t<div class=\"elementor-element elementor-element-2384ab25 animated-slow elementor-invisible elementor-widget elementor-widget-heading\" data-id=\"2384ab25\" data-element_type=\"widget\" data-e-type=\"widget\" data-settings=\"{&quot;_animation&quot;:&quot;fadeIn&quot;}\" data-widget_type=\"heading.default\">\n\t\t\t\t\t<h2 class=\"elementor-heading-title elementor-size-default\">Organizational structure<\/h2>\t\t\t\t<\/div>\n\t\t\t\t<div class=\"elementor-element elementor-element-11ca1785 elementor-invisible elementor-widget elementor-widget-text-editor\" data-id=\"11ca1785\" data-element_type=\"widget\" data-e-type=\"widget\" data-settings=\"{&quot;_animation&quot;:&quot;fadeIn&quot;,&quot;_animation_delay&quot;:200}\" data-widget_type=\"text-editor.default\">\n\t\t\t\t\t\t\t\t\t<p><a href=\"https:\/\/beta.zicg.me\/en\">Home<\/a> \u2192 <a href=\"https:\/\/beta.zicg.me\/en\/about-us\/\">About us \u2192 <\/a><a href=\"#\">Organizational structure<\/a><\/p>\t\t\t\t\t\t\t\t<\/div>\n\t\t\t\t<\/div>\n\t\t\t\t<\/div>\n\t\t<div class=\"elementor-element elementor-element-14d26fd1 e-flex e-con-boxed e-con e-parent\" data-id=\"14d26fd1\" data-element_type=\"container\" data-e-type=\"container\" data-settings=\"{&quot;shape_divider_top&quot;:&quot;curve&quot;}\">\n\t\t\t\t\t<div class=\"e-con-inner\">\n\t\t\t\t<div class=\"elementor-shape elementor-shape-top\" aria-hidden=\"true\" data-negative=\"false\">\n\t\t\t<svg xmlns=\"http:\/\/www.w3.org\/2000\/svg\" viewBox=\"0 0 1000 100\" preserveAspectRatio=\"none\">\n    <path class=\"elementor-shape-fill\" d=\"M1000,4.3V0H0v4.3C0.9,23.1,126.7,99.2,500,100S1000,22.7,1000,4.3z\"\/>\n<\/svg>\t\t<\/div>\n\t\t\t\t<div class=\"elementor-element elementor-element-4acaac09 elementor-widget elementor-widget-spacer\" data-id=\"4acaac09\" data-element_type=\"widget\" data-e-type=\"widget\" data-widget_type=\"spacer.default\">\n\t\t\t\t\t\t\t<div class=\"elementor-spacer\">\n\t\t\t<div class=\"elementor-spacer-inner\"><\/div>\n\t\t<\/div>\n\t\t\t\t\t\t<\/div>\n\t\t\t\t\t<\/div>\n\t\t\t\t<\/div>\n\t\t<div class=\"elementor-element elementor-element-604091d e-flex e-con-boxed e-con e-parent\" data-id=\"604091d\" data-element_type=\"container\" data-e-type=\"container\">\n\t\t\t\t\t<div class=\"e-con-inner\">\n\t\t<div class=\"elementor-element elementor-element-ae6f3e6 e-con-full e-flex e-con e-child\" data-id=\"ae6f3e6\" data-element_type=\"container\" data-e-type=\"container\" data-settings=\"{&quot;background_background&quot;:&quot;classic&quot;}\">\n\t\t\t\t<div class=\"elementor-element elementor-element-e063629 elementor-position-top elementor-widget elementor-widget-image-box\" data-id=\"e063629\" data-element_type=\"widget\" data-e-type=\"widget\" data-widget_type=\"image-box.default\">\n\t\t\t\t\t<div class=\"elementor-image-box-wrapper\"><figure class=\"elementor-image-box-img\"><img decoding=\"async\" width=\"208\" height=\"236\" src=\"https:\/\/beta.zicg.me\/wp-content\/uploads\/2025\/11\/skupstina-1.png\" class=\"attachment-full size-full wp-image-8577\" alt=\"\" \/><\/figure><div class=\"elementor-image-box-content\"><h3 class=\"elementor-image-box-title\">Shareholders\u2019 Meeting<\/h3><\/div><\/div>\t\t\t\t<\/div>\n\t\t\t\t<\/div>\n\t\t\t\t\t<\/div>\n\t\t\t\t<\/div>\n\t\t<div class=\"elementor-element elementor-element-5022053 e-flex e-con-boxed e-con e-parent\" data-id=\"5022053\" data-element_type=\"container\" data-e-type=\"container\">\n\t\t\t\t\t<div class=\"e-con-inner\">\n\t\t\t\t<div class=\"elementor-element elementor-element-ec248cd elementor-widget-divider--view-line_icon elementor-view-default elementor-widget-divider--element-align-center elementor-widget elementor-widget-divider\" data-id=\"ec248cd\" data-element_type=\"widget\" data-e-type=\"widget\" data-widget_type=\"divider.default\">\n\t\t\t\t\t\t\t<div class=\"elementor-divider\">\n\t\t\t<span class=\"elementor-divider-separator\">\n\t\t\t\t\t\t\t<div class=\"elementor-icon elementor-divider__element\">\n\t\t\t\t\t<svg aria-hidden=\"true\" class=\"e-font-icon-svg e-fas-arrows-alt-v\" viewBox=\"0 0 256 512\" xmlns=\"http:\/\/www.w3.org\/2000\/svg\"><path d=\"M214.059 377.941H168V134.059h46.059c21.382 0 32.09-25.851 16.971-40.971L144.971 7.029c-9.373-9.373-24.568-9.373-33.941 0L24.971 93.088c-15.119 15.119-4.411 40.971 16.971 40.971H88v243.882H41.941c-21.382 0-32.09 25.851-16.971 40.971l86.059 86.059c9.373 9.373 24.568 9.373 33.941 0l86.059-86.059c15.12-15.119 4.412-40.971-16.97-40.971z\"><\/path><\/svg><\/div>\n\t\t\t\t\t\t<\/span>\n\t\t<\/div>\n\t\t\t\t\t\t<\/div>\n\t\t\t\t\t<\/div>\n\t\t\t\t<\/div>\n\t\t<div class=\"elementor-element elementor-element-60bc75d e-flex e-con-boxed e-con e-parent\" data-id=\"60bc75d\" data-element_type=\"container\" data-e-type=\"container\">\n\t\t\t\t\t<div class=\"e-con-inner\">\n\t\t<div class=\"elementor-element elementor-element-7dabc2e e-con-full e-flex e-con e-child\" data-id=\"7dabc2e\" data-element_type=\"container\" data-e-type=\"container\" data-settings=\"{&quot;background_background&quot;:&quot;classic&quot;}\">\n\t\t\t\t<div class=\"elementor-element elementor-element-a4848ee elementor-position-top elementor-widget elementor-widget-image-box\" data-id=\"a4848ee\" data-element_type=\"widget\" data-e-type=\"widget\" data-widget_type=\"image-box.default\">\n\t\t\t\t\t<div class=\"elementor-image-box-wrapper\"><figure class=\"elementor-image-box-img\"><img decoding=\"async\" src=\"https:\/\/beta.zicg.me\/wp-content\/uploads\/elementor\/thumbs\/business-meeting-rfa25ezuaxmp3xqi73qmm6fxv04hyr0a5lvqtyluqw.png\" title=\"business-meeting\" alt=\"business-meeting\" loading=\"lazy\" \/><\/figure><div class=\"elementor-image-box-content\"><h3 class=\"elementor-image-box-title\">Board of Directors<\/h3><\/div><\/div>\t\t\t\t<\/div>\n\t\t\t\t<div class=\"elementor-element elementor-element-b9574f9 elementor-invisible elementor-widget elementor-widget-text-editor\" data-id=\"b9574f9\" data-element_type=\"widget\" data-e-type=\"widget\" data-settings=\"{&quot;_animation&quot;:&quot;fadeIn&quot;,&quot;_animation_delay&quot;:200}\" data-widget_type=\"text-editor.default\">\n\t\t\t\t\t\t\t\t\t<p>Secretary | Executive Office | Advisor | Audit Committee | Internal Audit<\/p>\t\t\t\t\t\t\t\t<\/div>\n\t\t\t\t<\/div>\n\t\t\t\t\t<\/div>\n\t\t\t\t<\/div>\n\t\t<div class=\"elementor-element elementor-element-ef7d14a e-flex e-con-boxed e-con e-parent\" data-id=\"ef7d14a\" data-element_type=\"container\" data-e-type=\"container\">\n\t\t\t\t\t<div class=\"e-con-inner\">\n\t\t\t\t<div class=\"elementor-element elementor-element-b5b2241 elementor-widget-divider--view-line_icon elementor-view-default elementor-widget-divider--element-align-center elementor-widget elementor-widget-divider\" data-id=\"b5b2241\" data-element_type=\"widget\" data-e-type=\"widget\" data-widget_type=\"divider.default\">\n\t\t\t\t\t\t\t<div class=\"elementor-divider\">\n\t\t\t<span class=\"elementor-divider-separator\">\n\t\t\t\t\t\t\t<div class=\"elementor-icon elementor-divider__element\">\n\t\t\t\t\t<svg aria-hidden=\"true\" class=\"e-font-icon-svg e-fas-arrows-alt-v\" viewBox=\"0 0 256 512\" xmlns=\"http:\/\/www.w3.org\/2000\/svg\"><path d=\"M214.059 377.941H168V134.059h46.059c21.382 0 32.09-25.851 16.971-40.971L144.971 7.029c-9.373-9.373-24.568-9.373-33.941 0L24.971 93.088c-15.119 15.119-4.411 40.971 16.971 40.971H88v243.882H41.941c-21.382 0-32.09 25.851-16.971 40.971l86.059 86.059c9.373 9.373 24.568 9.373 33.941 0l86.059-86.059c15.12-15.119 4.412-40.971-16.97-40.971z\"><\/path><\/svg><\/div>\n\t\t\t\t\t\t<\/span>\n\t\t<\/div>\n\t\t\t\t\t\t<\/div>\n\t\t\t\t\t<\/div>\n\t\t\t\t<\/div>\n\t\t<div class=\"elementor-element elementor-element-65de2dd e-flex e-con-boxed e-con e-parent\" data-id=\"65de2dd\" data-element_type=\"container\" data-e-type=\"container\">\n\t\t\t\t\t<div class=\"e-con-inner\">\n\t\t<div class=\"elementor-element elementor-element-f978d6a e-con-full e-flex e-con e-child\" data-id=\"f978d6a\" data-element_type=\"container\" data-e-type=\"container\" data-settings=\"{&quot;background_background&quot;:&quot;classic&quot;}\">\n\t\t\t\t<div class=\"elementor-element elementor-element-add471e elementor-position-top elementor-widget elementor-widget-image-box\" data-id=\"add471e\" data-element_type=\"widget\" data-e-type=\"widget\" data-widget_type=\"image-box.default\">\n\t\t\t\t\t<div class=\"elementor-image-box-wrapper\"><figure class=\"elementor-image-box-img\"><img decoding=\"async\" width=\"150\" height=\"150\" src=\"https:\/\/beta.zicg.me\/wp-content\/uploads\/2025\/11\/izvrsni-e1764143450662.png\" class=\"attachment-full size-full wp-image-8579\" alt=\"\" srcset=\"https:\/\/beta.zicg.me\/wp-content\/uploads\/2025\/11\/izvrsni-e1764143450662.png 150w, https:\/\/beta.zicg.me\/wp-content\/uploads\/2025\/11\/elementor\/thumbs\/izvrsni-e1764143450662-rf9jt3dgkwax8kt8t7w4xrpg5qnz9jyqfezivgfnuc.png 50w, https:\/\/beta.zicg.me\/wp-content\/uploads\/2025\/11\/elementor\/thumbs\/izvrsni-e1764143450662-rf9jt3dh6tp51kw40obpzt4moerslfkldba3y5o9uw.png 100w, https:\/\/beta.zicg.me\/wp-content\/uploads\/2025\/11\/elementor\/thumbs\/izvrsni-e1764143450662-rf9jt3dgy1xupz9d4w5hklcygxxgv2xg6yd2pvktuo.png 80w\" sizes=\"(max-width: 150px) 100vw, 150px\" \/><\/figure><div class=\"elementor-image-box-content\"><h3 class=\"elementor-image-box-title\">Chief Executive Officer (CEO)<\/h3><\/div><\/div>\t\t\t\t<\/div>\n\t\t\t\t<div class=\"elementor-element elementor-element-660b437 elementor-invisible elementor-widget elementor-widget-text-editor\" data-id=\"660b437\" data-element_type=\"widget\" data-e-type=\"widget\" data-settings=\"{&quot;_animation&quot;:&quot;fadeIn&quot;,&quot;_animation_delay&quot;:200}\" data-widget_type=\"text-editor.default\">\n\t\t\t\t\t\t\t\t\t<ul><li>Assistant Executive Director for Civil and Electrical Engineering Affairs<\/li><li>Assistant Executive Director for Traffic Affairs<\/li><li>Assistant Executive Director for Investments and Foreign Funding<\/li><li>Deputy CEO<\/li><li>Office of the Executive Director<\/li><li>Coordinator for the Security Management System<\/li><li>Occupational Health and Safety Officer<\/li><li>Internal Control Unit<\/li><\/ul>\t\t\t\t\t\t\t\t<\/div>\n\t\t\t\t<\/div>\n\t\t\t\t\t<\/div>\n\t\t\t\t<\/div>\n\t\t<div class=\"elementor-element elementor-element-83a439c e-flex e-con-boxed e-con e-parent\" data-id=\"83a439c\" data-element_type=\"container\" data-e-type=\"container\">\n\t\t\t\t\t<div class=\"e-con-inner\">\n\t\t\t\t<div class=\"elementor-element elementor-element-932b6da elementor-widget-divider--view-line_icon elementor-view-default elementor-widget-divider--element-align-center elementor-widget elementor-widget-divider\" data-id=\"932b6da\" data-element_type=\"widget\" data-e-type=\"widget\" data-widget_type=\"divider.default\">\n\t\t\t\t\t\t\t<div class=\"elementor-divider\">\n\t\t\t<span class=\"elementor-divider-separator\">\n\t\t\t\t\t\t\t<div class=\"elementor-icon elementor-divider__element\">\n\t\t\t\t\t<svg aria-hidden=\"true\" class=\"e-font-icon-svg e-fas-arrows-alt-v\" viewBox=\"0 0 256 512\" xmlns=\"http:\/\/www.w3.org\/2000\/svg\"><path d=\"M214.059 377.941H168V134.059h46.059c21.382 0 32.09-25.851 16.971-40.971L144.971 7.029c-9.373-9.373-24.568-9.373-33.941 0L24.971 93.088c-15.119 15.119-4.411 40.971 16.971 40.971H88v243.882H41.941c-21.382 0-32.09 25.851-16.971 40.971l86.059 86.059c9.373 9.373 24.568 9.373 33.941 0l86.059-86.059c15.12-15.119 4.412-40.971-16.97-40.971z\"><\/path><\/svg><\/div>\n\t\t\t\t\t\t<\/span>\n\t\t<\/div>\n\t\t\t\t\t\t<\/div>\n\t\t\t\t\t<\/div>\n\t\t\t\t<\/div>\n\t\t<div class=\"elementor-element elementor-element-c37b635 e-flex e-con-boxed e-con e-parent\" data-id=\"c37b635\" data-element_type=\"container\" data-e-type=\"container\">\n\t\t\t\t\t<div class=\"e-con-inner\">\n\t\t<div class=\"elementor-element elementor-element-fc1467c e-con-full e-flex e-con e-child\" data-id=\"fc1467c\" data-element_type=\"container\" data-e-type=\"container\" data-settings=\"{&quot;background_background&quot;:&quot;classic&quot;}\">\n\t\t\t\t<div class=\"elementor-element elementor-element-a1cc3bf elementor-position-top elementor-widget elementor-widget-image-box\" data-id=\"a1cc3bf\" data-element_type=\"widget\" data-e-type=\"widget\" data-widget_type=\"image-box.default\">\n\t\t\t\t\t<div class=\"elementor-image-box-wrapper\"><figure class=\"elementor-image-box-img\"><img fetchpriority=\"high\" decoding=\"async\" width=\"873\" height=\"212\" src=\"https:\/\/beta.zicg.me\/wp-content\/uploads\/2025\/11\/Untitled-1000-x-500-px-e1764075938987.png\" class=\"attachment-full size-full wp-image-8580\" alt=\"\" srcset=\"https:\/\/beta.zicg.me\/wp-content\/uploads\/2025\/11\/Untitled-1000-x-500-px-e1764075938987.png 873w, https:\/\/beta.zicg.me\/wp-content\/uploads\/2025\/11\/Untitled-1000-x-500-px-e1764075938987-300x73.png 300w, https:\/\/beta.zicg.me\/wp-content\/uploads\/2025\/11\/Untitled-1000-x-500-px-e1764075938987-768x187.png 768w\" sizes=\"(max-width: 873px) 100vw, 873px\" \/><\/figure><div class=\"elementor-image-box-content\"><h3 class=\"elementor-image-box-title\">Departments<\/h3><\/div><\/div>\t\t\t\t<\/div>\n\t\t\t\t<div class=\"elementor-element elementor-element-802c726 elementor-invisible elementor-widget elementor-widget-text-editor\" data-id=\"802c726\" data-element_type=\"widget\" data-e-type=\"widget\" data-settings=\"{&quot;_animation&quot;:&quot;fadeIn&quot;,&quot;_animation_delay&quot;:200}\" data-widget_type=\"text-editor.default\">\n\t\t\t\t\t\t\t\t\t<ul><li>Construction Infrastructure Maintenance Department<\/li><li>Electrical Engineering Department<\/li><li>Traffic Management and Control Department<\/li><li>Investment and Foreign Investments Department<\/li><li>Finance Department<\/li><li>Legal Department<\/li><li>Information Technology Department (IT Department)<\/li><\/ul>\t\t\t\t\t\t\t\t<\/div>\n\t\t\t\t<\/div>\n\t\t\t\t\t<\/div>\n\t\t\t\t<\/div>\n\t\t<div class=\"elementor-element elementor-element-7fa206c e-flex e-con-boxed e-con e-parent\" data-id=\"7fa206c\" data-element_type=\"container\" data-e-type=\"container\">\n\t\t\t\t\t<div class=\"e-con-inner\">\n\t\t\t\t<div class=\"elementor-element elementor-element-d0d2b9d elementor-widget elementor-widget-spacer\" data-id=\"d0d2b9d\" data-element_type=\"widget\" data-e-type=\"widget\" data-widget_type=\"spacer.default\">\n\t\t\t\t\t\t\t<div class=\"elementor-spacer\">\n\t\t\t<div class=\"elementor-spacer-inner\"><\/div>\n\t\t<\/div>\n\t\t\t\t\t\t<\/div>\n\t\t\t\t\t<\/div>\n\t\t\t\t<\/div>\n\t\t\t\t<\/div>\n\t\t","protected":false},"excerpt":{"rendered":"<p>Organizational structure Home \u2192 About us \u2192 Organizational structure Shareholders\u2019 Meeting Board of Directors Secretary | Executive Office | Advisor | Audit Committee | Internal Audit Chief Executive Officer (CEO) Assistant Executive Director for Civil and Electrical Engineering Affairs Assistant Executive Director for Traffic Affairs Assistant Executive Director for Investments and Foreign Funding Deputy CEO [&hellip;]<\/p>\n","protected":false},"author":1,"featured_media":0,"parent":0,"menu_order":0,"comment_status":"closed","ping_status":"closed","template":"","meta":{"footnotes":""},"class_list":["post-8581","page","type-page","status-publish","hentry"],"yoast_head":"<!-- This site is optimized with the Yoast SEO plugin v27.2 - https:\/\/yoast.com\/product\/yoast-seo-wordpress\/ -->\n<title>Organizational structure &#8212; \u017deljezni\u010dka infrastruktura Crne Gore - AD Podgorica<\/title>\n<meta name=\"robots\" content=\"index, follow, max-snippet:-1, max-image-preview:large, max-video-preview:-1\" \/>\n<link rel=\"canonical\" href=\"https:\/\/beta.zicg.me\/en\/organizational-structure\/\" \/>\n<meta property=\"og:locale\" content=\"en_US\" \/>\n<meta property=\"og:type\" content=\"article\" \/>\n<meta property=\"og:title\" content=\"Organizational structure &#8212; \u017deljezni\u010dka infrastruktura Crne Gore - AD Podgorica\" \/>\n<meta property=\"og:description\" content=\"Organizational structure Home \u2192 About us \u2192 Organizational structure Shareholders\u2019 Meeting Board of Directors Secretary | Executive Office | Advisor | Audit Committee | Internal Audit Chief Executive Officer (CEO) Assistant Executive Director for Civil and Electrical Engineering Affairs Assistant Executive Director for Traffic Affairs Assistant Executive Director for Investments and Foreign Funding Deputy CEO [&hellip;]\" \/>\n<meta property=\"og:url\" content=\"https:\/\/beta.zicg.me\/en\/organizational-structure\/\" \/>\n<meta property=\"og:site_name\" content=\"\u017deljezni\u010dka infrastruktura Crne Gore - AD Podgorica\" \/>\n<meta property=\"article:publisher\" content=\"https:\/\/www.facebook.com\/zicgad\" \/>\n<meta property=\"article:modified_time\" content=\"2026-03-19T11:40:13+00:00\" \/>\n<meta property=\"og:image\" content=\"https:\/\/beta.zicg.me\/wp-content\/uploads\/2025\/11\/skupstina-1.png\" \/>\n\t<meta property=\"og:image:width\" content=\"208\" \/>\n\t<meta property=\"og:image:height\" content=\"236\" \/>\n\t<meta property=\"og:image:type\" content=\"image\/png\" \/>\n<meta name=\"twitter:card\" content=\"summary_large_image\" \/>\n<meta name=\"twitter:site\" content=\"@ZICG_AD\" \/>\n<script type=\"application\/ld+json\" class=\"yoast-schema-graph\">{\"@context\":\"https:\/\/schema.org\",\"@graph\":[{\"@type\":\"WebPage\",\"@id\":\"https:\/\/beta.zicg.me\/en\/organizational-structure\/\",\"url\":\"https:\/\/beta.zicg.me\/en\/organizational-structure\/\",\"name\":\"Organizational structure &#8212; \u017deljezni\u010dka infrastruktura Crne Gore - AD Podgorica\",\"isPartOf\":{\"@id\":\"https:\/\/beta.zicg.me\/#website\"},\"primaryImageOfPage\":{\"@id\":\"https:\/\/beta.zicg.me\/en\/organizational-structure\/#primaryimage\"},\"image\":{\"@id\":\"https:\/\/beta.zicg.me\/en\/organizational-structure\/#primaryimage\"},\"thumbnailUrl\":\"https:\/\/beta.zicg.me\/wp-content\/uploads\/2025\/11\/skupstina-1.png\",\"datePublished\":\"2025-11-25T11:23:18+00:00\",\"dateModified\":\"2026-03-19T11:40:13+00:00\",\"breadcrumb\":{\"@id\":\"https:\/\/beta.zicg.me\/en\/organizational-structure\/#breadcrumb\"},\"inLanguage\":\"en-US\",\"potentialAction\":[{\"@type\":\"ReadAction\",\"target\":[\"https:\/\/beta.zicg.me\/en\/organizational-structure\/\"]}]},{\"@type\":\"ImageObject\",\"inLanguage\":\"en-US\",\"@id\":\"https:\/\/beta.zicg.me\/en\/organizational-structure\/#primaryimage\",\"url\":\"https:\/\/beta.zicg.me\/wp-content\/uploads\/2025\/11\/skupstina-1.png\",\"contentUrl\":\"https:\/\/beta.zicg.me\/wp-content\/uploads\/2025\/11\/skupstina-1.png\"},{\"@type\":\"BreadcrumbList\",\"@id\":\"https:\/\/beta.zicg.me\/en\/organizational-structure\/#breadcrumb\",\"itemListElement\":[{\"@type\":\"ListItem\",\"position\":1,\"name\":\"Home\",\"item\":\"https:\/\/beta.zicg.me\/\"},{\"@type\":\"ListItem\",\"position\":2,\"name\":\"Organizational structure\"}]},{\"@type\":\"WebSite\",\"@id\":\"https:\/\/beta.zicg.me\/#website\",\"url\":\"https:\/\/beta.zicg.me\/\",\"name\":\"\u017deljezni\u010dka infrastruktura Crne Gore - AD Podgorica\",\"description\":\"Izgradnja, odr\u017eavanje, rekonstrukcija i modernizacija \u017eeljezni\u010dke infrastrukture  Crrne Gore\",\"publisher\":{\"@id\":\"https:\/\/beta.zicg.me\/#organization\"},\"alternateName\":\"\u017dICG\",\"potentialAction\":[{\"@type\":\"SearchAction\",\"target\":{\"@type\":\"EntryPoint\",\"urlTemplate\":\"https:\/\/beta.zicg.me\/?s={search_term_string}\"},\"query-input\":{\"@type\":\"PropertyValueSpecification\",\"valueRequired\":true,\"valueName\":\"search_term_string\"}}],\"inLanguage\":\"en-US\"},{\"@type\":\"Organization\",\"@id\":\"https:\/\/beta.zicg.me\/#organization\",\"name\":\"\u017deljezni\u010dka infrastruktura Crne Gore - AD Podgorica\",\"alternateName\":\"\u017dICG\",\"url\":\"https:\/\/beta.zicg.me\/\",\"logo\":{\"@type\":\"ImageObject\",\"inLanguage\":\"en-US\",\"@id\":\"https:\/\/beta.zicg.me\/#\/schema\/logo\/image\/\",\"url\":\"https:\/\/beta.zicg.me\/wp-content\/uploads\/2025\/11\/znak-i-logo-ad-podgorica-scaled.png\",\"contentUrl\":\"https:\/\/beta.zicg.me\/wp-content\/uploads\/2025\/11\/znak-i-logo-ad-podgorica-scaled.png\",\"width\":2560,\"height\":719,\"caption\":\"\u017deljezni\u010dka infrastruktura Crne Gore - AD Podgorica\"},\"image\":{\"@id\":\"https:\/\/beta.zicg.me\/#\/schema\/logo\/image\/\"},\"sameAs\":[\"https:\/\/www.facebook.com\/zicgad\",\"https:\/\/x.com\/ZICG_AD\",\"https:\/\/www.instagram.com\/zeljeznickainfrastrukturacg\/\"]}]}<\/script>\n<!-- \/ Yoast SEO plugin. -->","yoast_head_json":{"title":"Organizational structure &#8212; \u017deljezni\u010dka infrastruktura Crne Gore - AD Podgorica","robots":{"index":"index","follow":"follow","max-snippet":"max-snippet:-1","max-image-preview":"max-image-preview:large","max-video-preview":"max-video-preview:-1"},"canonical":"https:\/\/beta.zicg.me\/en\/organizational-structure\/","og_locale":"en_US","og_type":"article","og_title":"Organizational structure &#8212; \u017deljezni\u010dka infrastruktura Crne Gore - AD Podgorica","og_description":"Organizational structure Home \u2192 About us \u2192 Organizational structure Shareholders\u2019 Meeting Board of Directors Secretary | Executive Office | Advisor | Audit Committee | Internal Audit Chief Executive Officer (CEO) Assistant Executive Director for Civil and Electrical Engineering Affairs Assistant Executive Director for Traffic Affairs Assistant Executive Director for Investments and Foreign Funding Deputy CEO [&hellip;]","og_url":"https:\/\/beta.zicg.me\/en\/organizational-structure\/","og_site_name":"\u017deljezni\u010dka infrastruktura Crne Gore - AD Podgorica","article_publisher":"https:\/\/www.facebook.com\/zicgad","article_modified_time":"2026-03-19T11:40:13+00:00","og_image":[{"width":208,"height":236,"url":"https:\/\/beta.zicg.me\/wp-content\/uploads\/2025\/11\/skupstina-1.png","type":"image\/png"}],"twitter_card":"summary_large_image","twitter_site":"@ZICG_AD","schema":{"@context":"https:\/\/schema.org","@graph":[{"@type":"WebPage","@id":"https:\/\/beta.zicg.me\/en\/organizational-structure\/","url":"https:\/\/beta.zicg.me\/en\/organizational-structure\/","name":"Organizational structure &#8212; \u017deljezni\u010dka infrastruktura Crne Gore - AD Podgorica","isPartOf":{"@id":"https:\/\/beta.zicg.me\/#website"},"primaryImageOfPage":{"@id":"https:\/\/beta.zicg.me\/en\/organizational-structure\/#primaryimage"},"image":{"@id":"https:\/\/beta.zicg.me\/en\/organizational-structure\/#primaryimage"},"thumbnailUrl":"https:\/\/beta.zicg.me\/wp-content\/uploads\/2025\/11\/skupstina-1.png","datePublished":"2025-11-25T11:23:18+00:00","dateModified":"2026-03-19T11:40:13+00:00","breadcrumb":{"@id":"https:\/\/beta.zicg.me\/en\/organizational-structure\/#breadcrumb"},"inLanguage":"en-US","potentialAction":[{"@type":"ReadAction","target":["https:\/\/beta.zicg.me\/en\/organizational-structure\/"]}]},{"@type":"ImageObject","inLanguage":"en-US","@id":"https:\/\/beta.zicg.me\/en\/organizational-structure\/#primaryimage","url":"https:\/\/beta.zicg.me\/wp-content\/uploads\/2025\/11\/skupstina-1.png","contentUrl":"https:\/\/beta.zicg.me\/wp-content\/uploads\/2025\/11\/skupstina-1.png"},{"@type":"BreadcrumbList","@id":"https:\/\/beta.zicg.me\/en\/organizational-structure\/#breadcrumb","itemListElement":[{"@type":"ListItem","position":1,"name":"Home","item":"https:\/\/beta.zicg.me\/"},{"@type":"ListItem","position":2,"name":"Organizational structure"}]},{"@type":"WebSite","@id":"https:\/\/beta.zicg.me\/#website","url":"https:\/\/beta.zicg.me\/","name":"\u017deljezni\u010dka infrastruktura Crne Gore - AD Podgorica","description":"Izgradnja, odr\u017eavanje, rekonstrukcija i modernizacija \u017eeljezni\u010dke infrastrukture  Crrne Gore","publisher":{"@id":"https:\/\/beta.zicg.me\/#organization"},"alternateName":"\u017dICG","potentialAction":[{"@type":"SearchAction","target":{"@type":"EntryPoint","urlTemplate":"https:\/\/beta.zicg.me\/?s={search_term_string}"},"query-input":{"@type":"PropertyValueSpecification","valueRequired":true,"valueName":"search_term_string"}}],"inLanguage":"en-US"},{"@type":"Organization","@id":"https:\/\/beta.zicg.me\/#organization","name":"\u017deljezni\u010dka infrastruktura Crne Gore - AD Podgorica","alternateName":"\u017dICG","url":"https:\/\/beta.zicg.me\/","logo":{"@type":"ImageObject","inLanguage":"en-US","@id":"https:\/\/beta.zicg.me\/#\/schema\/logo\/image\/","url":"https:\/\/beta.zicg.me\/wp-content\/uploads\/2025\/11\/znak-i-logo-ad-podgorica-scaled.png","contentUrl":"https:\/\/beta.zicg.me\/wp-content\/uploads\/2025\/11\/znak-i-logo-ad-podgorica-scaled.png","width":2560,"height":719,"caption":"\u017deljezni\u010dka infrastruktura Crne Gore - AD Podgorica"},"image":{"@id":"https:\/\/beta.zicg.me\/#\/schema\/logo\/image\/"},"sameAs":["https:\/\/www.facebook.com\/zicgad","https:\/\/x.com\/ZICG_AD","https:\/\/www.instagram.com\/zeljeznickainfrastrukturacg\/"]}]}},"_links":{"self":[{"href":"https:\/\/beta.zicg.me\/en\/wp-json\/wp\/v2\/pages\/8581","targetHints":{"allow":["GET"]}}],"collection":[{"href":"https:\/\/beta.zicg.me\/en\/wp-json\/wp\/v2\/pages"}],"about":[{"href":"https:\/\/beta.zicg.me\/en\/wp-json\/wp\/v2\/types\/page"}],"author":[{"embeddable":true,"href":"https:\/\/beta.zicg.me\/en\/wp-json\/wp\/v2\/users\/1"}],"replies":[{"embeddable":true,"href":"https:\/\/beta.zicg.me\/en\/wp-json\/wp\/v2\/comments?post=8581"}],"version-history":[{"count":1,"href":"https:\/\/beta.zicg.me\/en\/wp-json\/wp\/v2\/pages\/8581\/revisions"}],"predecessor-version":[{"id":8583,"href":"https:\/\/beta.zicg.me\/en\/wp-json\/wp\/v2\/pages\/8581\/revisions\/8583"}],"wp:attachment":[{"href":"https:\/\/beta.zicg.me\/en\/wp-json\/wp\/v2\/media?parent=8581"}],"curies":[{"name":"wp","href":"https:\/\/api.w.org\/{rel}","templated":true}]}}